{"id":1802,"date":"2023-01-10T20:04:02","date_gmt":"2023-01-10T19:04:02","guid":{"rendered":"https:\/\/www.makuku.pl\/shop\/?post_type=product&#038;p=1802"},"modified":"2025-01-06T15:52:19","modified_gmt":"2025-01-06T14:52:19","slug":"szorty-sneaky-pink","status":"publish","type":"product","link":"https:\/\/www.makuku.pl\/shop\/?product=szorty-sneaky-pink","title":{"rendered":"Szorty Sneaky Pink"},"content":{"rendered":"<p>Szorty <strong>Sneaky<\/strong> w kolorze r\u00f3\u017cu pudrowego. Uszyte s\u0105 z elastycznego i bardzo wygodnego weluru. Stan wysoki, bezszwowe w pasie, lekko przylegaj\u0105ce do cia\u0142a. Po bokach maj\u0105 ozdobne wi\u0105zania, marszczone na pupie. Szorty idealne dla os\u00f3b chc\u0105cych zakry\u0107 swoje niedoskona\u0142o\u015bci. Idealnie sprawdzaj\u0105 si\u0119 tak\u017ce do twerku. Podkre\u015blaj\u0105 tali\u0119.<\/p>\n<p><strong> <br class=\"avia-permanent-lb\" \/>Wymiary modelki:<\/strong><\/p>\n<ul>\n<li>Wzrost: 167 cm<\/li>\n<li>Szeroko\u015b\u0107 w biu\u015bcie: 82 cm<\/li>\n<li>Szeroko\u015b\u0107 pod biustem: 75 cm<\/li>\n<li>Szeroko\u015b\u0107 w talii: 70 cm<\/li>\n<li>Szeroko\u015b\u0107 w biodrach: 88 cm<\/li>\n<li>Nasza modelka ma na sobie<b> rozmiar S<\/b><\/li>\n<\/ul>\n","protected":false},"excerpt":{"rendered":"<p>Szorty <strong>Sneaky<\/strong> w kolorze r\u00f3\u017cowym.<\/p>\n<p>Wi\u0119kszo\u015b\u0107 kostium\u00f3w szyjemy na indywidualne zam\u00f3wienie. Czas oczekiwania w zale\u017cno\u015bci od tkaniny od 2-10 dni roboczych. W przypadku produkt\u00f3w, kt\u00f3re s\u0105 na stanie, wysy\u0142ka do <strong>48h<\/strong>.<\/p>\n","protected":false},"featured_media":1833,"template":"","meta":[],"product_brand":[],"product_cat":[49,74],"product_tag":[53,158,159],"class_list":{"0":"post-1802","1":"product","2":"type-product","3":"status-publish","4":"has-post-thumbnail","6":"product_cat-pole-dance-exotic","7":"product_cat-szorty","8":"product_tag-pole-dance","9":"product_tag-sneaky","10":"product_tag-szorty","11":"pa_produkt-szorty","12":"pa_rozmiar-x-small","13":"pa_rozmiar-small","14":"pa_rozmiar-medium","15":"pa_rozmiar-large","16":"pa_rozmiar-x-large","18":"first","19":"onbackorder","20":"shipping-taxable","21":"purchasable","22":"product-type-variable","23":"has-default-attributes"},"_links":{"self":[{"href":"https:\/\/www.makuku.pl\/shop\/index.php?rest_route=\/wp\/v2\/product\/1802","targetHints":{"allow":["GET"]}}],"collection":[{"href":"https:\/\/www.makuku.pl\/shop\/index.php?rest_route=\/wp\/v2\/product"}],"about":[{"href":"https:\/\/www.makuku.pl\/shop\/index.php?rest_route=\/wp\/v2\/types\/product"}],"wp:featuredmedia":[{"embeddable":true,"href":"https:\/\/www.makuku.pl\/shop\/index.php?rest_route=\/wp\/v2\/media\/1833"}],"wp:attachment":[{"href":"https:\/\/www.makuku.pl\/shop\/index.php?rest_route=%2Fwp%2Fv2%2Fmedia&parent=1802"}],"wp:term":[{"taxonomy":"product_brand","embeddable":true,"href":"https:\/\/www.makuku.pl\/shop\/index.php?rest_route=%2Fwp%2Fv2%2Fproduct_brand&post=1802"},{"taxonomy":"product_cat","embeddable":true,"href":"https:\/\/www.makuku.pl\/shop\/index.php?rest_route=%2Fwp%2Fv2%2Fproduct_cat&post=1802"},{"taxonomy":"product_tag","embeddable":true,"href":"https:\/\/www.makuku.pl\/shop\/index.php?rest_route=%2Fwp%2Fv2%2Fproduct_tag&post=1802"}],"curies":[{"name":"wp","href":"https:\/\/api.w.org\/{rel}","templated":true}]}}