{"id":1638,"date":"2023-01-10T19:46:17","date_gmt":"2023-01-10T18:46:17","guid":{"rendered":"https:\/\/www.makuku.pl\/shop\/?post_type=product&#038;p=1638"},"modified":"2023-01-11T12:24:36","modified_gmt":"2023-01-11T11:24:36","slug":"komplet-pole-beach-high-lemon","status":"publish","type":"product","link":"https:\/\/www.makuku.pl\/shop\/?product=komplet-pole-beach-high-lemon","title":{"rendered":"Komplet Pole Beach High Lemon"},"content":{"rendered":"<p>Str\u00f3j <strong>Pole Beach High <\/strong>w kolorze zielonym, neonowym.\u00a0 Uszyty z mocno elastycznej i lekko po\u0142yskliwej tkaniny. Top zak\u0142adany na szyj\u0119 z ozdobnym marszczeniem na biu\u015bcie, mocno eksponuje plecy. Posiada miejsce na wk\u0142adki. Zar\u00f3wno na ma\u0142y i du\u017cy biust. Szorty z wysokim stanem podkre\u015blaj\u0105ce tali\u0119, marszczone na pupie. Idealny do Pole Dance, ale tak\u017ce na pla\u017c\u0119.<\/p>\n<p><strong> <br class=\"avia-permanent-lb\" \/>Wymiary modelki:<\/strong><\/p>\n<ul>\n<li>Wzrost: 167 cm<\/li>\n<li>Szeroko\u015b\u0107 w biu\u015bcie: 82 cm<\/li>\n<li>Szeroko\u015b\u0107 pod biustem: 75 cm<\/li>\n<li>Szeroko\u015b\u0107 w talii: 70 cm<\/li>\n<li>Szeroko\u015b\u0107 w biodrach: 88 cm<\/li>\n<li>Nasza modelka ma na sobie<b> rozmiar S<\/b><\/li>\n<\/ul>\n","protected":false},"excerpt":{"rendered":"<p>Str\u00f3j <strong>Pole Beach High <\/strong>w kolorze zielonym.<strong><br \/>\n<\/strong><\/p>\n<p>Wi\u0119kszo\u015b\u0107 kostium\u00f3w szyjemy na indywidualne zam\u00f3wienie. Czas oczekiwania w zale\u017cno\u015bci od tkaniny od 2-10 dni roboczych. W przypadku produkt\u00f3w, kt\u00f3re s\u0105 na stanie, wysy\u0142ka do <strong>48h<\/strong>.<\/p>\n","protected":false},"featured_media":1689,"template":"","meta":[],"product_brand":[],"product_cat":[68,71,49,50],"product_tag":[154,155,156,53],"class_list":{"0":"post-1638","1":"product","2":"type-product","3":"status-publish","4":"has-post-thumbnail","6":"product_cat-plazowe","7":"product_cat-kostiumy","8":"product_cat-pole-dance-exotic","9":"product_cat-komplety","10":"product_tag-beach","11":"product_tag-high","12":"product_tag-pole","13":"product_tag-pole-dance","14":"pa_produkt-stroje-plazowe","15":"pa_produkt-stroje-pd","16":"pa_rozmiar-dol-x-small","17":"pa_rozmiar-dol-small","18":"pa_rozmiar-dol-medium","19":"pa_rozmiar-dol-large","20":"pa_rozmiar-dol-x-large","21":"pa_rozmiar-gora-x-small","22":"pa_rozmiar-gora-small","23":"pa_rozmiar-gora-medium","24":"pa_rozmiar-gora-large","25":"pa_rozmiar-gora-x-large","27":"first","28":"onbackorder","29":"shipping-taxable","30":"purchasable","31":"product-type-variable","32":"has-default-attributes"},"_links":{"self":[{"href":"https:\/\/www.makuku.pl\/shop\/index.php?rest_route=\/wp\/v2\/product\/1638","targetHints":{"allow":["GET"]}}],"collection":[{"href":"https:\/\/www.makuku.pl\/shop\/index.php?rest_route=\/wp\/v2\/product"}],"about":[{"href":"https:\/\/www.makuku.pl\/shop\/index.php?rest_route=\/wp\/v2\/types\/product"}],"wp:featuredmedia":[{"embeddable":true,"href":"https:\/\/www.makuku.pl\/shop\/index.php?rest_route=\/wp\/v2\/media\/1689"}],"wp:attachment":[{"href":"https:\/\/www.makuku.pl\/shop\/index.php?rest_route=%2Fwp%2Fv2%2Fmedia&parent=1638"}],"wp:term":[{"taxonomy":"product_brand","embeddable":true,"href":"https:\/\/www.makuku.pl\/shop\/index.php?rest_route=%2Fwp%2Fv2%2Fproduct_brand&post=1638"},{"taxonomy":"product_cat","embeddable":true,"href":"https:\/\/www.makuku.pl\/shop\/index.php?rest_route=%2Fwp%2Fv2%2Fproduct_cat&post=1638"},{"taxonomy":"product_tag","embeddable":true,"href":"https:\/\/www.makuku.pl\/shop\/index.php?rest_route=%2Fwp%2Fv2%2Fproduct_tag&post=1638"}],"curies":[{"name":"wp","href":"https:\/\/api.w.org\/{rel}","templated":true}]}}