{"id":1094,"date":"2023-01-10T12:17:28","date_gmt":"2023-01-10T11:17:28","guid":{"rendered":"https:\/\/www.makuku.pl\/shop\/?post_type=product&#038;p=1094"},"modified":"2024-02-14T23:10:52","modified_gmt":"2024-02-14T22:10:52","slug":"komplet-salma","status":"publish","type":"product","link":"https:\/\/www.makuku.pl\/shop\/?product=komplet-salma","title":{"rendered":"Komplet Salma"},"content":{"rendered":"<p>Str\u00f3j <strong>Salma<\/strong> w kolorze\u00a0srebrno-czarnym. Bardzo efektowna i b\u0142yszcz\u0105ca tkanina, elastyczna. Top z paseczkami na plecach, posiada miejsce na wk\u0142adki. Szorty z podwy\u017cszonym stenem i paseczkami na udach, marszczone na pupie. Str\u00f3j idealny tak\u017ce do sesji zdj\u0119ciowych. Jest doskona\u0142ym wyborem dla ka\u017cdej kobiety chc\u0105cej si\u0119 wyr\u00f3\u017cni\u0107. Doskonale le\u017cy, a jeszcze lepiej prezentuje si\u0119 na \u017cywo.<\/p>\n<p><strong> <br class=\"avia-permanent-lb\" \/>Wymiary modelki:<\/strong><\/p>\n<ul>\n<li>Wzrost: 167 cm<\/li>\n<li>Szeroko\u015b\u0107 w biu\u015bcie: 82 cm<\/li>\n<li>Szeroko\u015b\u0107 pod biustem: 75 cm<\/li>\n<li>Szeroko\u015b\u0107 w talii: 70 cm<\/li>\n<li>Szeroko\u015b\u0107 w biodrach: 88 cm<\/li>\n<li>Nasza modelka ma na sobie<b> rozmiar S<\/b><\/li>\n<\/ul>\n","protected":false},"excerpt":{"rendered":"<p>Str\u00f3j do Pole Dance <strong>Salma<\/strong> w kolorze srebrno-czarnym.<strong><br \/>\n<\/strong><\/p>\n<p>Wi\u0119kszo\u015b\u0107 kostium\u00f3w szyjemy na indywidualne zam\u00f3wienie. Czas oczekiwania w zale\u017cno\u015bci od tkaniny od 2-10 dni roboczych. W przypadku produkt\u00f3w, kt\u00f3re s\u0105 na stanie, wysy\u0142ka do <strong>48h<\/strong>.<\/p>\n","protected":false},"featured_media":1125,"template":"","meta":[],"product_brand":[],"product_cat":[47,49,50],"product_tag":[53,138,139],"class_list":{"0":"post-1094","1":"product","2":"type-product","3":"status-publish","4":"has-post-thumbnail","6":"product_cat-bestseller","7":"product_cat-pole-dance-exotic","8":"product_cat-komplety","9":"product_tag-pole-dance","10":"product_tag-salma","11":"product_tag-silver","12":"pa_produkt-stroje-pd","13":"pa_rozmiar-dol-x-small","14":"pa_rozmiar-dol-small","15":"pa_rozmiar-dol-medium","16":"pa_rozmiar-dol-large","17":"pa_rozmiar-dol-x-large","18":"pa_rozmiar-gora-x-small","19":"pa_rozmiar-gora-small","20":"pa_rozmiar-gora-medium","21":"pa_rozmiar-gora-large","22":"pa_rozmiar-gora-x-large","24":"first","25":"outofstock","26":"shipping-taxable","27":"purchasable","28":"product-type-variable","29":"has-default-attributes"},"_links":{"self":[{"href":"https:\/\/www.makuku.pl\/shop\/index.php?rest_route=\/wp\/v2\/product\/1094","targetHints":{"allow":["GET"]}}],"collection":[{"href":"https:\/\/www.makuku.pl\/shop\/index.php?rest_route=\/wp\/v2\/product"}],"about":[{"href":"https:\/\/www.makuku.pl\/shop\/index.php?rest_route=\/wp\/v2\/types\/product"}],"wp:featuredmedia":[{"embeddable":true,"href":"https:\/\/www.makuku.pl\/shop\/index.php?rest_route=\/wp\/v2\/media\/1125"}],"wp:attachment":[{"href":"https:\/\/www.makuku.pl\/shop\/index.php?rest_route=%2Fwp%2Fv2%2Fmedia&parent=1094"}],"wp:term":[{"taxonomy":"product_brand","embeddable":true,"href":"https:\/\/www.makuku.pl\/shop\/index.php?rest_route=%2Fwp%2Fv2%2Fproduct_brand&post=1094"},{"taxonomy":"product_cat","embeddable":true,"href":"https:\/\/www.makuku.pl\/shop\/index.php?rest_route=%2Fwp%2Fv2%2Fproduct_cat&post=1094"},{"taxonomy":"product_tag","embeddable":true,"href":"https:\/\/www.makuku.pl\/shop\/index.php?rest_route=%2Fwp%2Fv2%2Fproduct_tag&post=1094"}],"curies":[{"name":"wp","href":"https:\/\/api.w.org\/{rel}","templated":true}]}}