{"id":928,"date":"2023-01-10T11:03:51","date_gmt":"2023-01-10T10:03:51","guid":{"rendered":"https:\/\/www.makuku.pl\/shop\/?page_id=928"},"modified":"2023-01-10T11:03:52","modified_gmt":"2023-01-10T10:03:52","slug":"body","status":"publish","type":"page","link":"https:\/\/www.makuku.pl\/shop\/?page_id=928","title":{"rendered":"Body"},"content":{"rendered":"<h2>Body<\/h2>\n<p>Poni\u017cej przedstawiamy body z kolekcji Makuku.<\/p>\n<div  class='avia-product-slider-container av-9muts-bbda31d2f0e3b9dac074ddcc91317266 template-shop avia-content-slider avia-content-grid-active shop_columns_3  avia-builder-el-0  avia-builder-el-no-sibling  avia-content-slider-odd  avia-builder-el-0  avia-builder-el-no-sibling  av-slideshow-ui av-slider-hover-pause av-slideshow-manual av-loop-once av-loop-manual-endless avia-product-slider1' data-slideshow-options=\"{&quot;animation&quot;:&quot;fade&quot;,&quot;autoplay&quot;:false,&quot;loop_autoplay&quot;:&quot;once&quot;,&quot;interval&quot;:5,&quot;loop_manual&quot;:&quot;manual-endless&quot;,&quot;autoplay_stopper&quot;:false,&quot;noNavigation&quot;:false,&quot;bg_slider&quot;:false,&quot;keep_padding&quot;:false,&quot;hoverpause&quot;:true,&quot;show_slide_delay&quot;:0}\"><div class=\"product-sorting avia-product-sorting\"><ul class=\"sort-param sort-param-order\"><li><span class='currently-selected'>Wy\u015bwietlaj <strong>Domy\u015blny<\/strong><\/span><ul><li class=\"current-param\"><a class='avia-product-sorting-link' data-href='?rest_route=%2Fwp%2Fv2%2Fpages%2F928&avia_extended_shop_select=yes&product_order=default' rel=\"nofollow\"><span class='avia-bullet'><\/span>Domy\u015blny<\/a><\/li><li><a class='avia-product-sorting-link' data-href='?rest_route=%2Fwp%2Fv2%2Fpages%2F928&product_sort=asc&avia_extended_shop_select=yes&product_order=menu_order' rel=\"nofollow\"><span class='avia-bullet'><\/span>Niestandardowy<\/a><\/li><li><a class='avia-product-sorting-link' data-href='?rest_route=%2Fwp%2Fv2%2Fpages%2F928&product_sort=asc&avia_extended_shop_select=yes&product_order=title' rel=\"nofollow\"><span class='avia-bullet'><\/span>Nazwa<\/a><\/li><li><a class='avia-product-sorting-link' data-href='?rest_route=%2Fwp%2Fv2%2Fpages%2F928&product_sort=asc&avia_extended_shop_select=yes&product_order=price' rel=\"nofollow\"><span class='avia-bullet'><\/span>cena<\/a><\/li><li><a class='avia-product-sorting-link' data-href='?rest_route=%2Fwp%2Fv2%2Fpages%2F928&product_sort=asc&avia_extended_shop_select=yes&product_order=date' rel=\"nofollow\"><span class='avia-bullet'><\/span>Data<\/a><\/li><li><a class='avia-product-sorting-link' data-href='?rest_route=%2Fwp%2Fv2%2Fpages%2F928&avia_extended_shop_select=yes&product_order=popularity' rel=\"nofollow\"><span class='avia-bullet'><\/span>Popularno\u015b\u0107 (sprzeda\u017c)<\/a><\/li><li><a class='avia-product-sorting-link' data-href='?rest_route=%2Fwp%2Fv2%2Fpages%2F928&avia_extended_shop_select=yes&product_order=rating' rel=\"nofollow\"><span class='avia-bullet'><\/span>\u015arednia ocena<\/a><\/li><li><a class='avia-product-sorting-link' data-href='?rest_route=%2Fwp%2Fv2%2Fpages%2F928&product_sort=asc&avia_extended_shop_select=yes&product_order=relevance' rel=\"nofollow\"><span class='avia-bullet'><\/span>Trafno\u015b\u0107<\/a><\/li><li><a class='avia-product-sorting-link' data-href='?rest_route=%2Fwp%2Fv2%2Fpages%2F928&avia_extended_shop_select=yes&product_order=rand' rel=\"nofollow\"><span class='avia-bullet'><\/span>Losowo<\/a><\/li><li><a class='avia-product-sorting-link' data-href='?rest_route=%2Fwp%2Fv2%2Fpages%2F928&product_sort=asc&avia_extended_shop_select=yes&product_order=id' rel=\"nofollow\"><span class='avia-bullet'><\/span>ID produktu<\/a><\/li><\/ul><\/li><\/ul><ul class='sort-param sort-param-count'><li><span class='currently-selected'>Wy\u015bwietlaj <strong>9 ofert na stronie <\/strong><\/span><ul><li class=\"current-param\"><a class='avia-product-sorting-link' data-href='?paged=1&rest_route=%2Fwp%2Fv2%2Fpages%2F928&avia_extended_shop_select=yes&product_order=default&product_count=9' rel=\"nofollow\">\t\t<span class='avia-bullet'><\/span>9 ofert na stronie<\/a><\/li><li><a class='avia-product-sorting-link' data-href='?paged=1&rest_route=%2Fwp%2Fv2%2Fpages%2F928&avia_extended_shop_select=yes&product_order=default&product_count=18' rel=\"nofollow\">\t<span class='avia-bullet'><\/span>18 ofert na stronie<\/a><\/li><li><a class='avia-product-sorting-link' data-href='?paged=1&rest_route=%2Fwp%2Fv2%2Fpages%2F928&avia_extended_shop_select=yes&product_order=default&product_count=27' rel=\"nofollow\">\t<span class='avia-bullet'><\/span>27 ofert na stronie<\/a><\/li><\/ul><\/li><\/ul><\/div><div class='avia-content-slider-inner'><ul class=\"products\"><li class=\"product type-product post-5561 status-publish first onbackorder product_cat-body product_tag-body product_tag-my-choice product_tag-pole-dance has-post-thumbnail shipping-taxable purchasable product-type-variable has-default-attributes\">\n\t<div class='inner_product main_color wrapped_style noLightbox  av-product-class-minimal'><a href=\"https:\/\/www.makuku.pl\/shop\/?product=welurowe-body-your-choice-black\" class=\"woocommerce-LoopProduct-link woocommerce-loop-product__link\"><div class=\"thumbnail_container\"><img loading=\"lazy\" decoding=\"async\" width=\"300\" height=\"300\" src=\"https:\/\/www.makuku.pl\/shop\/wp-content\/uploads\/2023\/03\/instaJIMG_0916bw-300x300.jpg\" class=\"attachment-woocommerce_thumbnail avia-product-hover\" alt=\"\" srcset=\"https:\/\/www.makuku.pl\/shop\/wp-content\/uploads\/2023\/03\/instaJIMG_0916bw-300x300.jpg 300w, https:\/\/www.makuku.pl\/shop\/wp-content\/uploads\/2023\/03\/instaJIMG_0916bw-80x80.jpg 80w, https:\/\/www.makuku.pl\/shop\/wp-content\/uploads\/2023\/03\/instaJIMG_0916bw-36x36.jpg 36w, https:\/\/www.makuku.pl\/shop\/wp-content\/uploads\/2023\/03\/instaJIMG_0916bw-180x180.jpg 180w, https:\/\/www.makuku.pl\/shop\/wp-content\/uploads\/2023\/03\/instaJIMG_0916bw-120x120.jpg 120w, https:\/\/www.makuku.pl\/shop\/wp-content\/uploads\/2023\/03\/instaJIMG_0916bw-450x450.jpg 450w, https:\/\/www.makuku.pl\/shop\/wp-content\/uploads\/2023\/03\/instaJIMG_0916bw-100x100.jpg 100w, https:\/\/www.makuku.pl\/shop\/wp-content\/uploads\/2023\/03\/instaJIMG_0916bw.jpg 600w\" sizes=\"auto, (max-width: 300px) 100vw, 300px\" \/><img decoding=\"async\" loading=\"lazy\" width=\"300\" height=\"300\" src=\"https:\/\/www.makuku.pl\/shop\/wp-content\/uploads\/2023\/03\/instaJIMG_0895bw-kwadrat-300x300.jpg\" class=\"wp-image-5572 avia-img-lazy-loading-5572 attachment-woocommerce_thumbnail size-woocommerce_thumbnail wp-post-image\" alt=\"\" srcset=\"https:\/\/www.makuku.pl\/shop\/wp-content\/uploads\/2023\/03\/instaJIMG_0895bw-kwadrat-300x300.jpg 300w, https:\/\/www.makuku.pl\/shop\/wp-content\/uploads\/2023\/03\/instaJIMG_0895bw-kwadrat-80x80.jpg 80w, https:\/\/www.makuku.pl\/shop\/wp-content\/uploads\/2023\/03\/instaJIMG_0895bw-kwadrat-36x36.jpg 36w, https:\/\/www.makuku.pl\/shop\/wp-content\/uploads\/2023\/03\/instaJIMG_0895bw-kwadrat-180x180.jpg 180w, https:\/\/www.makuku.pl\/shop\/wp-content\/uploads\/2023\/03\/instaJIMG_0895bw-kwadrat-120x120.jpg 120w, https:\/\/www.makuku.pl\/shop\/wp-content\/uploads\/2023\/03\/instaJIMG_0895bw-kwadrat-450x450.jpg 450w, https:\/\/www.makuku.pl\/shop\/wp-content\/uploads\/2023\/03\/instaJIMG_0895bw-kwadrat-100x100.jpg 100w, https:\/\/www.makuku.pl\/shop\/wp-content\/uploads\/2023\/03\/instaJIMG_0895bw-kwadrat.jpg 600w\" sizes=\"auto, (max-width: 300px) 100vw, 300px\" \/><\/div><div class='inner_product_header'><div class='avia-arrow'><\/div><div class='inner_product_header_table'><div class='inner_product_header_cell'><h2 class=\"woocommerce-loop-product__title\">Welurowe Body Your Choice Black<\/h2>\n\t<span class=\"price\"><span class=\"woocommerce-Price-amount amount\"><bdi>169,00&nbsp;<span class=\"woocommerce-Price-currencySymbol\">&#122;&#322;<\/span><\/bdi><\/span><\/span>\n<\/div><\/div><\/div><\/a><div class=\"tinv-wraper woocommerce tinv-wishlist tinvwl-after-add-to-cart tinvwl-loop-button-wrapper tinvwl-woocommerce_after_shop_loop_item\"\r\n\t data-tinvwl_product_id=\"5561\">\r\n\t\t\t\t\t<input name=\"attribute_pa_rozmiar\" type=\"hidden\" value=\"small\"\/>\r\n\t\t\t\t\t\t\t\t<input name=\"attribute_pa_kolor\" type=\"hidden\" value=\"czarny\"\/>\r\n\t\t\t\t<div class=\"tinv-wishlist-clear\"><\/div><a role=\"button\" tabindex=\"0\" name=\"dodaj-do-ulubionych\" aria-label=\"Dodaj do Ulubionych\" class=\"tinvwl_add_to_wishlist_button tinvwl-icon-heart tinvwl-product-already-on-wishlist  tinvwl-position-after tinvwl-loop\" data-tinv-wl-list=\"[]\" data-tinv-wl-product=\"5561\" data-tinv-wl-productvariation=\"5562\" data-tinv-wl-productvariations=\"[5562,5563,5564,5565,0]\" data-tinv-wl-producttype=\"variable\" data-tinv-wl-action=\"add\"><span class=\"tinvwl_add_to_wishlist-text\">Dodaj do Ulubionych<\/span><span class=\"tinvwl_already_on_wishlist-text\">Ju\u017c znajduje si\u0119 w Ulubionych<\/span><\/a><div class=\"tinv-wishlist-clear\"><\/div>\t\t<div\r\n\t\tclass=\"tinvwl-tooltip\">Dodaj do Ulubionych<\/div>\r\n<\/div>\r\n<\/div><\/li>\n<li class=\"product type-product post-5553 status-publish onbackorder product_cat-body product_tag-body product_tag-my-choice product_tag-pole-dance has-post-thumbnail shipping-taxable purchasable product-type-variable has-default-attributes\">\n\t<div class='inner_product main_color wrapped_style noLightbox  av-product-class-minimal'><a href=\"https:\/\/www.makuku.pl\/shop\/?product=welurowe-body-your-choice-bordo\" class=\"woocommerce-LoopProduct-link woocommerce-loop-product__link\"><div class=\"thumbnail_container\"><img loading=\"lazy\" decoding=\"async\" width=\"300\" height=\"300\" src=\"https:\/\/www.makuku.pl\/shop\/wp-content\/uploads\/2023\/03\/instaJIMG_1181-300x300.jpg\" class=\"attachment-woocommerce_thumbnail avia-product-hover\" alt=\"\" srcset=\"https:\/\/www.makuku.pl\/shop\/wp-content\/uploads\/2023\/03\/instaJIMG_1181-300x300.jpg 300w, https:\/\/www.makuku.pl\/shop\/wp-content\/uploads\/2023\/03\/instaJIMG_1181-80x80.jpg 80w, https:\/\/www.makuku.pl\/shop\/wp-content\/uploads\/2023\/03\/instaJIMG_1181-36x36.jpg 36w, https:\/\/www.makuku.pl\/shop\/wp-content\/uploads\/2023\/03\/instaJIMG_1181-180x180.jpg 180w, https:\/\/www.makuku.pl\/shop\/wp-content\/uploads\/2023\/03\/instaJIMG_1181-120x120.jpg 120w, https:\/\/www.makuku.pl\/shop\/wp-content\/uploads\/2023\/03\/instaJIMG_1181-450x450.jpg 450w, https:\/\/www.makuku.pl\/shop\/wp-content\/uploads\/2023\/03\/instaJIMG_1181-100x100.jpg 100w, https:\/\/www.makuku.pl\/shop\/wp-content\/uploads\/2023\/03\/instaJIMG_1181.jpg 600w\" sizes=\"auto, (max-width: 300px) 100vw, 300px\" \/><img decoding=\"async\" loading=\"lazy\" width=\"300\" height=\"300\" src=\"https:\/\/www.makuku.pl\/shop\/wp-content\/uploads\/2023\/03\/instaJIMG_1179-300x300.jpg\" class=\"wp-image-5558 avia-img-lazy-loading-5558 attachment-woocommerce_thumbnail size-woocommerce_thumbnail wp-post-image\" alt=\"\" srcset=\"https:\/\/www.makuku.pl\/shop\/wp-content\/uploads\/2023\/03\/instaJIMG_1179-300x300.jpg 300w, https:\/\/www.makuku.pl\/shop\/wp-content\/uploads\/2023\/03\/instaJIMG_1179-80x80.jpg 80w, https:\/\/www.makuku.pl\/shop\/wp-content\/uploads\/2023\/03\/instaJIMG_1179-36x36.jpg 36w, https:\/\/www.makuku.pl\/shop\/wp-content\/uploads\/2023\/03\/instaJIMG_1179-180x180.jpg 180w, https:\/\/www.makuku.pl\/shop\/wp-content\/uploads\/2023\/03\/instaJIMG_1179-120x120.jpg 120w, https:\/\/www.makuku.pl\/shop\/wp-content\/uploads\/2023\/03\/instaJIMG_1179-450x450.jpg 450w, https:\/\/www.makuku.pl\/shop\/wp-content\/uploads\/2023\/03\/instaJIMG_1179-100x100.jpg 100w, https:\/\/www.makuku.pl\/shop\/wp-content\/uploads\/2023\/03\/instaJIMG_1179.jpg 600w\" sizes=\"auto, (max-width: 300px) 100vw, 300px\" \/><\/div><div class='inner_product_header'><div class='avia-arrow'><\/div><div class='inner_product_header_table'><div class='inner_product_header_cell'><h2 class=\"woocommerce-loop-product__title\">Welurowe Body Your Choice Bordo<\/h2>\n\t<span class=\"price\"><span class=\"woocommerce-Price-amount amount\"><bdi>169,00&nbsp;<span class=\"woocommerce-Price-currencySymbol\">&#122;&#322;<\/span><\/bdi><\/span><\/span>\n<\/div><\/div><\/div><\/a><div class=\"tinv-wraper woocommerce tinv-wishlist tinvwl-after-add-to-cart tinvwl-loop-button-wrapper tinvwl-woocommerce_after_shop_loop_item\"\r\n\t data-tinvwl_product_id=\"5553\">\r\n\t\t\t\t\t<input name=\"attribute_pa_rozmiar\" type=\"hidden\" value=\"small\"\/>\r\n\t\t\t\t\t\t\t\t<input name=\"attribute_pa_kolor\" type=\"hidden\" value=\"bordowy\"\/>\r\n\t\t\t\t<div class=\"tinv-wishlist-clear\"><\/div><a role=\"button\" tabindex=\"0\" name=\"dodaj-do-ulubionych\" aria-label=\"Dodaj do Ulubionych\" class=\"tinvwl_add_to_wishlist_button tinvwl-icon-heart tinvwl-product-already-on-wishlist  tinvwl-position-after tinvwl-loop\" data-tinv-wl-list=\"[]\" data-tinv-wl-product=\"5553\" data-tinv-wl-productvariation=\"5554\" data-tinv-wl-productvariations=\"[5554,5555,5556,5557,0]\" data-tinv-wl-producttype=\"variable\" data-tinv-wl-action=\"add\"><span class=\"tinvwl_add_to_wishlist-text\">Dodaj do Ulubionych<\/span><span class=\"tinvwl_already_on_wishlist-text\">Ju\u017c znajduje si\u0119 w Ulubionych<\/span><\/a><div class=\"tinv-wishlist-clear\"><\/div>\t\t<div\r\n\t\tclass=\"tinvwl-tooltip\">Dodaj do Ulubionych<\/div>\r\n<\/div>\r\n<\/div><\/li>\n<li class=\"product type-product post-5529 status-publish last onbackorder product_cat-body product_tag-body product_tag-my-choice product_tag-pole-dance has-post-thumbnail shipping-taxable purchasable product-type-variable has-default-attributes\">\n\t<div class='inner_product main_color wrapped_style noLightbox  av-product-class-minimal'><a href=\"https:\/\/www.makuku.pl\/shop\/?product=welurowe-body-your-choice-green\" class=\"woocommerce-LoopProduct-link woocommerce-loop-product__link\"><div class=\"thumbnail_container\"><img loading=\"lazy\" decoding=\"async\" width=\"300\" height=\"300\" src=\"https:\/\/www.makuku.pl\/shop\/wp-content\/uploads\/2023\/03\/instaJIMG_1197-300x300.jpg\" class=\"attachment-woocommerce_thumbnail avia-product-hover\" alt=\"\" srcset=\"https:\/\/www.makuku.pl\/shop\/wp-content\/uploads\/2023\/03\/instaJIMG_1197-300x300.jpg 300w, https:\/\/www.makuku.pl\/shop\/wp-content\/uploads\/2023\/03\/instaJIMG_1197-80x80.jpg 80w, https:\/\/www.makuku.pl\/shop\/wp-content\/uploads\/2023\/03\/instaJIMG_1197-36x36.jpg 36w, https:\/\/www.makuku.pl\/shop\/wp-content\/uploads\/2023\/03\/instaJIMG_1197-180x180.jpg 180w, https:\/\/www.makuku.pl\/shop\/wp-content\/uploads\/2023\/03\/instaJIMG_1197-120x120.jpg 120w, https:\/\/www.makuku.pl\/shop\/wp-content\/uploads\/2023\/03\/instaJIMG_1197-450x450.jpg 450w, https:\/\/www.makuku.pl\/shop\/wp-content\/uploads\/2023\/03\/instaJIMG_1197-100x100.jpg 100w, https:\/\/www.makuku.pl\/shop\/wp-content\/uploads\/2023\/03\/instaJIMG_1197.jpg 600w\" sizes=\"auto, (max-width: 300px) 100vw, 300px\" \/><img decoding=\"async\" loading=\"lazy\" width=\"300\" height=\"300\" src=\"https:\/\/www.makuku.pl\/shop\/wp-content\/uploads\/2023\/03\/instaJIMG_1229-300x300.jpg\" class=\"wp-image-5551 avia-img-lazy-loading-5551 attachment-woocommerce_thumbnail size-woocommerce_thumbnail wp-post-image\" alt=\"\" srcset=\"https:\/\/www.makuku.pl\/shop\/wp-content\/uploads\/2023\/03\/instaJIMG_1229-300x300.jpg 300w, https:\/\/www.makuku.pl\/shop\/wp-content\/uploads\/2023\/03\/instaJIMG_1229-80x80.jpg 80w, https:\/\/www.makuku.pl\/shop\/wp-content\/uploads\/2023\/03\/instaJIMG_1229-36x36.jpg 36w, https:\/\/www.makuku.pl\/shop\/wp-content\/uploads\/2023\/03\/instaJIMG_1229-180x180.jpg 180w, https:\/\/www.makuku.pl\/shop\/wp-content\/uploads\/2023\/03\/instaJIMG_1229-120x120.jpg 120w, https:\/\/www.makuku.pl\/shop\/wp-content\/uploads\/2023\/03\/instaJIMG_1229-450x450.jpg 450w, https:\/\/www.makuku.pl\/shop\/wp-content\/uploads\/2023\/03\/instaJIMG_1229-100x100.jpg 100w, https:\/\/www.makuku.pl\/shop\/wp-content\/uploads\/2023\/03\/instaJIMG_1229.jpg 600w\" sizes=\"auto, (max-width: 300px) 100vw, 300px\" \/><\/div><div class='inner_product_header'><div class='avia-arrow'><\/div><div class='inner_product_header_table'><div class='inner_product_header_cell'><h2 class=\"woocommerce-loop-product__title\">Welurowe Body Your Choice Green<\/h2>\n\t<span class=\"price\"><span class=\"woocommerce-Price-amount amount\"><bdi>169,00&nbsp;<span class=\"woocommerce-Price-currencySymbol\">&#122;&#322;<\/span><\/bdi><\/span><\/span>\n<\/div><\/div><\/div><\/a><div class=\"tinv-wraper woocommerce tinv-wishlist tinvwl-after-add-to-cart tinvwl-loop-button-wrapper tinvwl-woocommerce_after_shop_loop_item\"\r\n\t data-tinvwl_product_id=\"5529\">\r\n\t\t\t\t\t<input name=\"attribute_pa_rozmiar\" type=\"hidden\" value=\"small\"\/>\r\n\t\t\t\t\t\t\t\t<input name=\"attribute_pa_kolor\" type=\"hidden\" value=\"zielony\"\/>\r\n\t\t\t\t<div class=\"tinv-wishlist-clear\"><\/div><a role=\"button\" tabindex=\"0\" name=\"dodaj-do-ulubionych\" aria-label=\"Dodaj do Ulubionych\" class=\"tinvwl_add_to_wishlist_button tinvwl-icon-heart tinvwl-product-already-on-wishlist  tinvwl-position-after tinvwl-loop\" data-tinv-wl-list=\"[]\" data-tinv-wl-product=\"5529\" data-tinv-wl-productvariation=\"5546\" data-tinv-wl-productvariations=\"[5546,5547,5548,5549,0]\" data-tinv-wl-producttype=\"variable\" data-tinv-wl-action=\"add\"><span class=\"tinvwl_add_to_wishlist-text\">Dodaj do Ulubionych<\/span><span class=\"tinvwl_already_on_wishlist-text\">Ju\u017c znajduje si\u0119 w Ulubionych<\/span><\/a><div class=\"tinv-wishlist-clear\"><\/div>\t\t<div\r\n\t\tclass=\"tinvwl-tooltip\">Dodaj do Ulubionych<\/div>\r\n<\/div>\r\n<\/div><\/li>\n<\/ul><\/div><\/div><div class=\"clear\"><\/div>\n","protected":false},"excerpt":{"rendered":"<p>Body Poni\u017cej przedstawiamy body z kolekcji Makuku.<\/p>\n","protected":false},"author":1,"featured_media":0,"parent":0,"menu_order":0,"comment_status":"closed","ping_status":"closed","template":"","meta":{"footnotes":""},"class_list":["post-928","page","type-page","status-publish","hentry"],"_links":{"self":[{"href":"https:\/\/www.makuku.pl\/shop\/index.php?rest_route=\/wp\/v2\/pages\/928","targetHints":{"allow":["GET"]}}],"collection":[{"href":"https:\/\/www.makuku.pl\/shop\/index.php?rest_route=\/wp\/v2\/pages"}],"about":[{"href":"https:\/\/www.makuku.pl\/shop\/index.php?rest_route=\/wp\/v2\/types\/page"}],"author":[{"embeddable":true,"href":"https:\/\/www.makuku.pl\/shop\/index.php?rest_route=\/wp\/v2\/users\/1"}],"replies":[{"embeddable":true,"href":"https:\/\/www.makuku.pl\/shop\/index.php?rest_route=%2Fwp%2Fv2%2Fcomments&post=928"}],"version-history":[{"count":2,"href":"https:\/\/www.makuku.pl\/shop\/index.php?rest_route=\/wp\/v2\/pages\/928\/revisions"}],"predecessor-version":[{"id":930,"href":"https:\/\/www.makuku.pl\/shop\/index.php?rest_route=\/wp\/v2\/pages\/928\/revisions\/930"}],"wp:attachment":[{"href":"https:\/\/www.makuku.pl\/shop\/index.php?rest_route=%2Fwp%2Fv2%2Fmedia&parent=928"}],"curies":[{"name":"wp","href":"https:\/\/api.w.org\/{rel}","templated":true}]}}