{"id":892,"date":"2023-01-10T09:45:48","date_gmt":"2023-01-10T08:45:48","guid":{"rendered":"https:\/\/www.makuku.pl\/shop\/?page_id=892"},"modified":"2023-01-14T00:41:12","modified_gmt":"2023-01-13T23:41:12","slug":"komplety","status":"publish","type":"page","link":"https:\/\/www.makuku.pl\/shop\/?page_id=892","title":{"rendered":"Komplety"},"content":{"rendered":"<section  class='av_textblock_section av-lcv5xn40-740f50b1c439c29a11fc7ad3d90db2f4 '   itemscope=\"itemscope\" itemtype=\"https:\/\/schema.org\/CreativeWork\" ><div class='avia_textblock'  itemprop=\"text\" ><section class=\"av_textblock_section av-lcrk1dgj-a0fa1348220e5a4bf31f4bb1433e89bc\">\n<div class=\"avia_textblock\">\n<h2>STROJE FITNESS<\/h2>\n<p>Poni\u017cej przedstawiamy ofert\u0119 stroj\u00f3w Fitness marki Makuku.<\/p>\n<\/div>\n<\/section>\n<\/div><\/section>\n<div  class='avia-product-slider-container av-lcv5xxxf-99339a217cb4d704bb4c073c7ddd7e28 template-shop avia-content-slider avia-content-grid-active shop_columns_3  avia-builder-el-1  el_after_av_textblock  avia-builder-el-last  avia-content-slider-odd  avia-builder-el-1  el_after_av_textblock  avia-builder-el-last  av-slideshow-ui av-slider-hover-pause av-slideshow-manual av-loop-once av-loop-manual-endless avia-product-slider1' data-slideshow-options=\"{&quot;animation&quot;:&quot;fade&quot;,&quot;autoplay&quot;:false,&quot;loop_autoplay&quot;:&quot;once&quot;,&quot;interval&quot;:5,&quot;loop_manual&quot;:&quot;manual-endless&quot;,&quot;autoplay_stopper&quot;:false,&quot;noNavigation&quot;:false,&quot;bg_slider&quot;:false,&quot;keep_padding&quot;:false,&quot;hoverpause&quot;:true,&quot;show_slide_delay&quot;:0}\"><div class=\"product-sorting avia-product-sorting\"><ul class=\"sort-param sort-param-order\"><li><span class='currently-selected'>Wy\u015bwietlaj <strong>Domy\u015blny<\/strong><\/span><ul><li class=\"current-param\"><a class='avia-product-sorting-link' data-href='?rest_route=%2Fwp%2Fv2%2Fpages%2F892&avia_extended_shop_select=yes&product_order=default' rel=\"nofollow\"><span class='avia-bullet'><\/span>Domy\u015blny<\/a><\/li><li><a class='avia-product-sorting-link' data-href='?rest_route=%2Fwp%2Fv2%2Fpages%2F892&product_sort=asc&avia_extended_shop_select=yes&product_order=menu_order' rel=\"nofollow\"><span class='avia-bullet'><\/span>Niestandardowy<\/a><\/li><li><a class='avia-product-sorting-link' data-href='?rest_route=%2Fwp%2Fv2%2Fpages%2F892&product_sort=asc&avia_extended_shop_select=yes&product_order=title' rel=\"nofollow\"><span class='avia-bullet'><\/span>Nazwa<\/a><\/li><li><a class='avia-product-sorting-link' data-href='?rest_route=%2Fwp%2Fv2%2Fpages%2F892&product_sort=asc&avia_extended_shop_select=yes&product_order=price' rel=\"nofollow\"><span class='avia-bullet'><\/span>cena<\/a><\/li><li><a class='avia-product-sorting-link' data-href='?rest_route=%2Fwp%2Fv2%2Fpages%2F892&product_sort=asc&avia_extended_shop_select=yes&product_order=date' rel=\"nofollow\"><span class='avia-bullet'><\/span>Data<\/a><\/li><li><a class='avia-product-sorting-link' data-href='?rest_route=%2Fwp%2Fv2%2Fpages%2F892&avia_extended_shop_select=yes&product_order=popularity' rel=\"nofollow\"><span class='avia-bullet'><\/span>Popularno\u015b\u0107 (sprzeda\u017c)<\/a><\/li><li><a class='avia-product-sorting-link' data-href='?rest_route=%2Fwp%2Fv2%2Fpages%2F892&avia_extended_shop_select=yes&product_order=rating' rel=\"nofollow\"><span class='avia-bullet'><\/span>\u015arednia ocena<\/a><\/li><li><a class='avia-product-sorting-link' data-href='?rest_route=%2Fwp%2Fv2%2Fpages%2F892&product_sort=asc&avia_extended_shop_select=yes&product_order=relevance' rel=\"nofollow\"><span class='avia-bullet'><\/span>Trafno\u015b\u0107<\/a><\/li><li><a class='avia-product-sorting-link' data-href='?rest_route=%2Fwp%2Fv2%2Fpages%2F892&avia_extended_shop_select=yes&product_order=rand' rel=\"nofollow\"><span class='avia-bullet'><\/span>Losowo<\/a><\/li><li><a class='avia-product-sorting-link' data-href='?rest_route=%2Fwp%2Fv2%2Fpages%2F892&product_sort=asc&avia_extended_shop_select=yes&product_order=id' rel=\"nofollow\"><span class='avia-bullet'><\/span>ID produktu<\/a><\/li><\/ul><\/li><\/ul><ul class='sort-param sort-param-count'><li><span class='currently-selected'>Wy\u015bwietlaj <strong>9 ofert na stronie <\/strong><\/span><ul><li class=\"current-param\"><a class='avia-product-sorting-link' data-href='?paged=1&rest_route=%2Fwp%2Fv2%2Fpages%2F892&avia_extended_shop_select=yes&product_order=default&product_count=9' rel=\"nofollow\">\t\t<span class='avia-bullet'><\/span>9 ofert na stronie<\/a><\/li><li><a class='avia-product-sorting-link' data-href='?paged=1&rest_route=%2Fwp%2Fv2%2Fpages%2F892&avia_extended_shop_select=yes&product_order=default&product_count=18' rel=\"nofollow\">\t<span class='avia-bullet'><\/span>18 ofert na stronie<\/a><\/li><li><a class='avia-product-sorting-link' data-href='?paged=1&rest_route=%2Fwp%2Fv2%2Fpages%2F892&avia_extended_shop_select=yes&product_order=default&product_count=27' rel=\"nofollow\">\t<span class='avia-bullet'><\/span>27 ofert na stronie<\/a><\/li><\/ul><\/li><\/ul><\/div><div class='avia-content-slider-inner'><ul class=\"products\"><li class=\"product type-product post-4493 status-publish first instock product_cat-komplety-fitness product_cat-sale product_cat-fitness product_tag-bike product_tag-fitness has-post-thumbnail shipping-taxable purchasable product-type-variable has-default-attributes\">\n\t<div class='inner_product main_color wrapped_style noLightbox  av-product-class-minimal'><a href=\"https:\/\/www.makuku.pl\/shop\/?product=komplet-fitness-bike\" class=\"woocommerce-LoopProduct-link woocommerce-loop-product__link\"><div class=\"thumbnail_container\"><img loading=\"lazy\" decoding=\"async\" width=\"300\" height=\"300\" src=\"https:\/\/www.makuku.pl\/shop\/wp-content\/uploads\/2023\/01\/fitness-bike-2-300x300.jpg\" class=\"attachment-woocommerce_thumbnail avia-product-hover\" alt=\"\" srcset=\"https:\/\/www.makuku.pl\/shop\/wp-content\/uploads\/2023\/01\/fitness-bike-2-300x300.jpg 300w, https:\/\/www.makuku.pl\/shop\/wp-content\/uploads\/2023\/01\/fitness-bike-2-80x80.jpg 80w, https:\/\/www.makuku.pl\/shop\/wp-content\/uploads\/2023\/01\/fitness-bike-2-36x36.jpg 36w, https:\/\/www.makuku.pl\/shop\/wp-content\/uploads\/2023\/01\/fitness-bike-2-180x180.jpg 180w, https:\/\/www.makuku.pl\/shop\/wp-content\/uploads\/2023\/01\/fitness-bike-2-120x120.jpg 120w, https:\/\/www.makuku.pl\/shop\/wp-content\/uploads\/2023\/01\/fitness-bike-2-450x450.jpg 450w, https:\/\/www.makuku.pl\/shop\/wp-content\/uploads\/2023\/01\/fitness-bike-2-100x100.jpg 100w\" sizes=\"auto, (max-width: 300px) 100vw, 300px\" \/><img decoding=\"async\" loading=\"lazy\" width=\"300\" height=\"300\" src=\"https:\/\/www.makuku.pl\/shop\/wp-content\/uploads\/2023\/01\/fitness-bike-1-300x300.jpg\" class=\"wp-image-4499 avia-img-lazy-loading-4499 attachment-woocommerce_thumbnail size-woocommerce_thumbnail wp-post-image\" alt=\"\" srcset=\"https:\/\/www.makuku.pl\/shop\/wp-content\/uploads\/2023\/01\/fitness-bike-1-300x300.jpg 300w, https:\/\/www.makuku.pl\/shop\/wp-content\/uploads\/2023\/01\/fitness-bike-1-80x80.jpg 80w, https:\/\/www.makuku.pl\/shop\/wp-content\/uploads\/2023\/01\/fitness-bike-1-36x36.jpg 36w, https:\/\/www.makuku.pl\/shop\/wp-content\/uploads\/2023\/01\/fitness-bike-1-180x180.jpg 180w, https:\/\/www.makuku.pl\/shop\/wp-content\/uploads\/2023\/01\/fitness-bike-1-120x120.jpg 120w, https:\/\/www.makuku.pl\/shop\/wp-content\/uploads\/2023\/01\/fitness-bike-1-450x450.jpg 450w, https:\/\/www.makuku.pl\/shop\/wp-content\/uploads\/2023\/01\/fitness-bike-1-100x100.jpg 100w\" sizes=\"auto, (max-width: 300px) 100vw, 300px\" \/><\/div><div class='inner_product_header'><div class='avia-arrow'><\/div><div class='inner_product_header_table'><div class='inner_product_header_cell'><h2 class=\"woocommerce-loop-product__title\">Komplet Fitness Bike<\/h2>\n\t<span class=\"price\"><span class=\"woocommerce-Price-amount amount\"><bdi>173,00&nbsp;<span class=\"woocommerce-Price-currencySymbol\">&#122;&#322;<\/span><\/bdi><\/span><\/span>\n<\/div><\/div><\/div><\/a><div class=\"tinv-wraper woocommerce tinv-wishlist tinvwl-after-add-to-cart tinvwl-loop-button-wrapper tinvwl-woocommerce_after_shop_loop_item\"\r\n\t data-tinvwl_product_id=\"4493\">\r\n\t\t\t\t\t<input name=\"attribute_pa_rozmiar\" type=\"hidden\" value=\"small\"\/>\r\n\t\t\t\t\t\t\t\t<input name=\"attribute_pa_kolor\" type=\"hidden\" value=\"bordowy\"\/>\r\n\t\t\t\t<div class=\"tinv-wishlist-clear\"><\/div><a role=\"button\" tabindex=\"0\" name=\"dodaj-do-ulubionych\" aria-label=\"Dodaj do Ulubionych\" class=\"tinvwl_add_to_wishlist_button tinvwl-icon-heart tinvwl-product-already-on-wishlist  tinvwl-position-after tinvwl-loop\" data-tinv-wl-list=\"[]\" data-tinv-wl-product=\"4493\" data-tinv-wl-productvariation=\"4495\" data-tinv-wl-productvariations=\"[4495,0]\" data-tinv-wl-producttype=\"variable\" data-tinv-wl-action=\"add\"><span class=\"tinvwl_add_to_wishlist-text\">Dodaj do Ulubionych<\/span><span class=\"tinvwl_already_on_wishlist-text\">Ju\u017c znajduje si\u0119 w Ulubionych<\/span><\/a><div class=\"tinv-wishlist-clear\"><\/div>\t\t<div\r\n\t\tclass=\"tinvwl-tooltip\">Dodaj do Ulubionych<\/div>\r\n<\/div>\r\n<\/div><\/li>\n<li class=\"product type-product post-4504 status-publish outofstock product_cat-komplety-fitness product_cat-sale product_cat-fitness product_tag-boksy product_tag-fitness has-post-thumbnail shipping-taxable purchasable product-type-variable has-default-attributes\">\n\t<div class='inner_product main_color wrapped_style noLightbox  av-product-class-minimal'><a href=\"https:\/\/www.makuku.pl\/shop\/?product=komplet-fitness-boksy\" class=\"woocommerce-LoopProduct-link woocommerce-loop-product__link\"><div class=\"thumbnail_container\"><img loading=\"lazy\" decoding=\"async\" width=\"300\" height=\"300\" src=\"https:\/\/www.makuku.pl\/shop\/wp-content\/uploads\/2023\/01\/fitness-boksy-2-300x300.jpg\" class=\"attachment-woocommerce_thumbnail avia-product-hover\" alt=\"\" srcset=\"https:\/\/www.makuku.pl\/shop\/wp-content\/uploads\/2023\/01\/fitness-boksy-2-300x300.jpg 300w, https:\/\/www.makuku.pl\/shop\/wp-content\/uploads\/2023\/01\/fitness-boksy-2-80x80.jpg 80w, https:\/\/www.makuku.pl\/shop\/wp-content\/uploads\/2023\/01\/fitness-boksy-2-36x36.jpg 36w, https:\/\/www.makuku.pl\/shop\/wp-content\/uploads\/2023\/01\/fitness-boksy-2-180x180.jpg 180w, https:\/\/www.makuku.pl\/shop\/wp-content\/uploads\/2023\/01\/fitness-boksy-2-120x120.jpg 120w, https:\/\/www.makuku.pl\/shop\/wp-content\/uploads\/2023\/01\/fitness-boksy-2-450x450.jpg 450w, https:\/\/www.makuku.pl\/shop\/wp-content\/uploads\/2023\/01\/fitness-boksy-2-100x100.jpg 100w\" sizes=\"auto, (max-width: 300px) 100vw, 300px\" \/><img decoding=\"async\" loading=\"lazy\" width=\"300\" height=\"300\" src=\"https:\/\/www.makuku.pl\/shop\/wp-content\/uploads\/2023\/01\/fitness-boksy-1-300x300.jpg\" class=\"wp-image-4515 avia-img-lazy-loading-4515 attachment-woocommerce_thumbnail size-woocommerce_thumbnail wp-post-image\" alt=\"\" srcset=\"https:\/\/www.makuku.pl\/shop\/wp-content\/uploads\/2023\/01\/fitness-boksy-1-300x300.jpg 300w, https:\/\/www.makuku.pl\/shop\/wp-content\/uploads\/2023\/01\/fitness-boksy-1-80x80.jpg 80w, https:\/\/www.makuku.pl\/shop\/wp-content\/uploads\/2023\/01\/fitness-boksy-1-36x36.jpg 36w, https:\/\/www.makuku.pl\/shop\/wp-content\/uploads\/2023\/01\/fitness-boksy-1-180x180.jpg 180w, https:\/\/www.makuku.pl\/shop\/wp-content\/uploads\/2023\/01\/fitness-boksy-1-120x120.jpg 120w, https:\/\/www.makuku.pl\/shop\/wp-content\/uploads\/2023\/01\/fitness-boksy-1-450x450.jpg 450w, https:\/\/www.makuku.pl\/shop\/wp-content\/uploads\/2023\/01\/fitness-boksy-1-100x100.jpg 100w\" sizes=\"auto, (max-width: 300px) 100vw, 300px\" \/><\/div><div class='inner_product_header'><div class='avia-arrow'><\/div><div class='inner_product_header_table'><div class='inner_product_header_cell'><h2 class=\"woocommerce-loop-product__title\">Komplet Fitness Boksy<\/h2>\n\t<span class=\"price\"><span class=\"woocommerce-Price-amount amount\"><bdi>173,00&nbsp;<span class=\"woocommerce-Price-currencySymbol\">&#122;&#322;<\/span><\/bdi><\/span><\/span>\n<\/div><\/div><\/div><\/a><div class=\"tinv-wraper woocommerce tinv-wishlist tinvwl-after-add-to-cart tinvwl-loop-button-wrapper tinvwl-woocommerce_after_shop_loop_item\"\r\n\t data-tinvwl_product_id=\"4504\">\r\n\t\t\t\t\t<input name=\"attribute_pa_rozmiar\" type=\"hidden\" value=\"small\"\/>\r\n\t\t\t\t\t\t\t\t<input name=\"attribute_pa_kolor\" type=\"hidden\" value=\"szmaragdowy\"\/>\r\n\t\t\t\t<div class=\"tinv-wishlist-clear\"><\/div><a role=\"button\" tabindex=\"0\" name=\"dodaj-do-ulubionych\" aria-label=\"Dodaj do Ulubionych\" class=\"tinvwl_add_to_wishlist_button tinvwl-icon-heart tinvwl-product-already-on-wishlist  tinvwl-position-after tinvwl-loop\" data-tinv-wl-list=\"[]\" data-tinv-wl-product=\"4504\" data-tinv-wl-productvariation=\"4511\" data-tinv-wl-productvariations=\"[4511,0]\" data-tinv-wl-producttype=\"variable\" data-tinv-wl-action=\"add\"><span class=\"tinvwl_add_to_wishlist-text\">Dodaj do Ulubionych<\/span><span class=\"tinvwl_already_on_wishlist-text\">Ju\u017c znajduje si\u0119 w Ulubionych<\/span><\/a><div class=\"tinv-wishlist-clear\"><\/div>\t\t<div\r\n\t\tclass=\"tinvwl-tooltip\">Dodaj do Ulubionych<\/div>\r\n<\/div>\r\n<\/div><\/li>\n<\/ul><\/div><\/div><div class=\"clear\"><\/div>\n","protected":false},"excerpt":{"rendered":"","protected":false},"author":1,"featured_media":0,"parent":890,"menu_order":0,"comment_status":"closed","ping_status":"closed","template":"","meta":{"footnotes":""},"class_list":["post-892","page","type-page","status-publish","hentry"],"_links":{"self":[{"href":"https:\/\/www.makuku.pl\/shop\/index.php?rest_route=\/wp\/v2\/pages\/892","targetHints":{"allow":["GET"]}}],"collection":[{"href":"https:\/\/www.makuku.pl\/shop\/index.php?rest_route=\/wp\/v2\/pages"}],"about":[{"href":"https:\/\/www.makuku.pl\/shop\/index.php?rest_route=\/wp\/v2\/types\/page"}],"author":[{"embeddable":true,"href":"https:\/\/www.makuku.pl\/shop\/index.php?rest_route=\/wp\/v2\/users\/1"}],"replies":[{"embeddable":true,"href":"https:\/\/www.makuku.pl\/shop\/index.php?rest_route=%2Fwp%2Fv2%2Fcomments&post=892"}],"version-history":[{"count":4,"href":"https:\/\/www.makuku.pl\/shop\/index.php?rest_route=\/wp\/v2\/pages\/892\/revisions"}],"predecessor-version":[{"id":4306,"href":"https:\/\/www.makuku.pl\/shop\/index.php?rest_route=\/wp\/v2\/pages\/892\/revisions\/4306"}],"up":[{"embeddable":true,"href":"https:\/\/www.makuku.pl\/shop\/index.php?rest_route=\/wp\/v2\/pages\/890"}],"wp:attachment":[{"href":"https:\/\/www.makuku.pl\/shop\/index.php?rest_route=%2Fwp%2Fv2%2Fmedia&parent=892"}],"curies":[{"name":"wp","href":"https:\/\/api.w.org\/{rel}","templated":true}]}}