{"id":879,"date":"2023-01-10T09:38:10","date_gmt":"2023-01-10T08:38:10","guid":{"rendered":"https:\/\/www.makuku.pl\/shop\/?page_id=879"},"modified":"2023-01-11T11:58:50","modified_gmt":"2023-01-11T10:58:50","slug":"gora-od-kostiumu","status":"publish","type":"page","link":"https:\/\/www.makuku.pl\/shop\/?page_id=879","title":{"rendered":"G\u00f3ra od kostiumu"},"content":{"rendered":"<section  class='av_textblock_section av-lcrjt58h-182bbf93644a219c777d00852875bb03 '   itemscope=\"itemscope\" itemtype=\"https:\/\/schema.org\/CreativeWork\" ><div class='avia_textblock'  itemprop=\"text\" ><section class=\"av_textblock_section av-lcrjpp7z-5009c8d8d354c85f69944b193eb6ea07\">\n<div class=\"avia_textblock\">\n<section class=\"av_textblock_section av-lcrjm8f6-8719218e8b5578ed703978150b157d47\">\n<div class=\"avia_textblock\">\n<h2>Stroje Pla\u017cowe<\/h2>\n<p>Poni\u017cej przedstawiamy g\u00f3rne cz\u0119\u015bci stroj\u00f3w pla\u017cowych z kolekcji Makuku.<\/p>\n<\/div>\n<\/section>\n<\/div>\n<\/section>\n<\/div><\/section>\n<p>No products found which match your selection.<\/p><div class=\"clear\"><\/div>\n","protected":false},"excerpt":{"rendered":"","protected":false},"author":1,"featured_media":0,"parent":872,"menu_order":1,"comment_status":"closed","ping_status":"closed","template":"","meta":{"footnotes":""},"class_list":["post-879","page","type-page","status-publish","hentry"],"_links":{"self":[{"href":"https:\/\/www.makuku.pl\/shop\/index.php?rest_route=\/wp\/v2\/pages\/879","targetHints":{"allow":["GET"]}}],"collection":[{"href":"https:\/\/www.makuku.pl\/shop\/index.php?rest_route=\/wp\/v2\/pages"}],"about":[{"href":"https:\/\/www.makuku.pl\/shop\/index.php?rest_route=\/wp\/v2\/types\/page"}],"author":[{"embeddable":true,"href":"https:\/\/www.makuku.pl\/shop\/index.php?rest_route=\/wp\/v2\/users\/1"}],"replies":[{"embeddable":true,"href":"https:\/\/www.makuku.pl\/shop\/index.php?rest_route=%2Fwp%2Fv2%2Fcomments&post=879"}],"version-history":[{"count":5,"href":"https:\/\/www.makuku.pl\/shop\/index.php?rest_route=\/wp\/v2\/pages\/879\/revisions"}],"predecessor-version":[{"id":3481,"href":"https:\/\/www.makuku.pl\/shop\/index.php?rest_route=\/wp\/v2\/pages\/879\/revisions\/3481"}],"up":[{"embeddable":true,"href":"https:\/\/www.makuku.pl\/shop\/index.php?rest_route=\/wp\/v2\/pages\/872"}],"wp:attachment":[{"href":"https:\/\/www.makuku.pl\/shop\/index.php?rest_route=%2Fwp%2Fv2%2Fmedia&parent=879"}],"curies":[{"name":"wp","href":"https:\/\/api.w.org\/{rel}","templated":true}]}}