{"id":786,"date":"2023-01-09T17:04:01","date_gmt":"2023-01-09T16:04:01","guid":{"rendered":"https:\/\/www.makuku.pl\/shop\/?page_id=786"},"modified":"2023-01-14T22:36:46","modified_gmt":"2023-01-14T21:36:46","slug":"rozmiarowka-i-uzytkowanie","status":"publish","type":"page","link":"https:\/\/www.makuku.pl\/shop\/?page_id=786","title":{"rendered":"Rozmiar\u00f3wka i u\u017cytkowanie"},"content":{"rendered":"<h1>Rozmiar\u00f3wka <br class=\"avia-permanent-lb\" \/><br class=\"avia-permanent-lb\" \/><\/h1>\n<table width=\"266\">\n<tbody>\n<tr>\n<td width=\"32\"><strong>Rozmiar (cm)<\/strong><\/td>\n<td width=\"64\"><strong>Biust (A)<\/strong><\/td>\n<td width=\"74\"><strong>Pod biustem (B)<\/strong><\/td>\n<td width=\"64\"><strong>Biodra (C)<\/strong><\/td>\n<\/tr>\n<tr>\n<td width=\"32\"><strong>XS<\/strong><\/td>\n<td width=\"64\">78-82<\/td>\n<td width=\"74\">67-72<\/td>\n<td width=\"64\">83-87<\/td>\n<\/tr>\n<tr>\n<td width=\"32\"><strong>S<\/strong><\/td>\n<td width=\"64\">83-91<\/td>\n<td width=\"74\">73-79<\/td>\n<td width=\"64\">88-94<\/td>\n<\/tr>\n<tr>\n<td width=\"32\"><strong>M<\/strong><\/td>\n<td width=\"64\">92-97<\/td>\n<td width=\"74\">80-85<\/td>\n<td width=\"64\">95-101<\/td>\n<\/tr>\n<tr>\n<td width=\"32\"><strong>L<\/strong><\/td>\n<td width=\"64\">98-104<\/td>\n<td width=\"74\">86-91<\/td>\n<td width=\"64\">102-108<\/td>\n<\/tr>\n<tr>\n<td width=\"32\"><strong>XL<\/strong><\/td>\n<td width=\"64\">105-110<\/td>\n<td width=\"74\">92-97<\/td>\n<td width=\"64\">109-113<\/td>\n<\/tr>\n<\/tbody>\n<\/table>\n<ul>\n<li>biodra mierzymy na wysoko\u015bci ko\u015bci biodrowych (pomiar C)<\/li>\n<li>wszystkie pomiary wykonujemy w <strong>obwodzie<\/strong>, tak aby metr\u00f3wka by\u0142a swobodna, a nie upina\u0142a cia\u0142a<\/li>\n<\/ul>\n\n<style type=\"text\/css\" data-created_by=\"avia_inline_auto\" id=\"style-css-av-2c4fak-3ffaa2374ce911106d8c40fe4367a366\">\n.avia-image-container.av-2c4fak-3ffaa2374ce911106d8c40fe4367a366 img.avia_image{\nbox-shadow:none;\n}\n.avia-image-container.av-2c4fak-3ffaa2374ce911106d8c40fe4367a366 .av-image-caption-overlay-center{\ncolor:#ffffff;\n}\n<\/style>\n<div  class='avia-image-container av-2c4fak-3ffaa2374ce911106d8c40fe4367a366 av-styling- avia-align-center  avia-builder-el-0  avia-builder-el-no-sibling '   itemprop=\"image\" itemscope=\"itemscope\" itemtype=\"https:\/\/schema.org\/ImageObject\" ><div class=\"avia-image-container-inner\"><div class=\"avia-image-overlay-wrap\"><img decoding=\"async\" fetchpriority=\"high\" class='wp-image- avia-img-lazy-loading-not- avia_image ' src=\"https:\/\/www.makuku.pl\/shop\/wp-content\/uploads\/2023\/01\/rozmiarowka.jpg\" alt='' title=''   itemprop=\"thumbnailUrl\"  \/><\/div><\/div><\/div>\n<h1><\/h1>\n<h1>U\u017cytkowanie <br class=\"avia-permanent-lb\" \/><br class=\"avia-permanent-lb\" \/><\/h1>\n<p><strong>Preferowane u\u017cytkowanie: Stroje do Pole Dance i Stroje pla\u017cowe <\/strong><\/p>\n<ul>\n<li>Pierz r\u0119cznie w letniej wodzie.<\/li>\n<li>U\u017cyj delikatnego \u015brodka pior\u0105cego.<\/li>\n<li>Pierz i pozb\u0105d\u017a si\u0119 nadmiaru wody delikatnie &#8211; pomo\u017ce to zachowa\u0107 kszta\u0142t i jako\u015b\u0107 ubra\u0144 na d\u0142u\u017cej.<\/li>\n<li>Pozw\u00f3l wyschn\u0105\u0107 naturalnie (nie susz w suszarce).<\/li>\n<li>Susz na p\u0142asko. Nie rozwieszaj.<\/li>\n<li>Unikaj nier\u00f3wnych powierzchni (np. siadania na drewnie).<\/li>\n<li>Nie u\u017cywaj wybielacza.<\/li>\n<\/ul>\n<p><strong> <br class=\"avia-permanent-lb\" \/>W przypadku k\u0105pieli w s\u0142onej i chlorowanej wodzie:<\/strong><\/p>\n<ul>\n<li>Wyp\u0142ucz str\u00f3j w letniej wodzie po ka\u017cdym u\u017cyciu, delikatnie pozbywaj\u0105c si\u0119 soli, olejk\u00f3w i innych \u015brodk\u00f3w.<\/li>\n<li>Delikatnie pozb\u0105d\u017a si\u0119 nadmiaru wody. Pierz r\u0119cznie w letniej wodzie.<\/li>\n<li>U\u017cyj delikatnego \u015brodka pior\u0105cego.<\/li>\n<li>Pierz i pozb\u0105d\u017a si\u0119 nadmiaru wody delikatnie &#8211; to pomo\u017ce zachowa\u0107 kszta\u0142t i jako\u015b\u0107 ubra\u0144 na d\u0142ugo.<\/li>\n<li>Pozw\u00f3l wyschn\u0105\u0107 naturalnie (nie susz w suszarce).<\/li>\n<li>Susz na p\u0142asko. Nie rozwieszaj.<\/li>\n<\/ul>\n","protected":false},"excerpt":{"rendered":"<p>Rozmiar\u00f3wka Rozmiar (cm) Biust (A) Pod biustem (B) Biodra (C) XS 78-82 67-72 83-87 S 83-91 73-79 88-94 M 92-97 80-85 95-101 L 98-104 86-91 102-108 XL 105-110 92-97 109-113 biodra mierzymy na wysoko\u015bci ko\u015bci biodrowych (pomiar C) wszystkie pomiary wykonujemy w obwodzie, tak aby metr\u00f3wka by\u0142a swobodna, a nie upina\u0142a cia\u0142a U\u017cytkowanie Preferowane u\u017cytkowanie: [&hellip;]<\/p>\n","protected":false},"author":1,"featured_media":0,"parent":0,"menu_order":0,"comment_status":"closed","ping_status":"closed","template":"","meta":{"footnotes":""},"class_list":["post-786","page","type-page","status-publish","hentry"],"_links":{"self":[{"href":"https:\/\/www.makuku.pl\/shop\/index.php?rest_route=\/wp\/v2\/pages\/786","targetHints":{"allow":["GET"]}}],"collection":[{"href":"https:\/\/www.makuku.pl\/shop\/index.php?rest_route=\/wp\/v2\/pages"}],"about":[{"href":"https:\/\/www.makuku.pl\/shop\/index.php?rest_route=\/wp\/v2\/types\/page"}],"author":[{"embeddable":true,"href":"https:\/\/www.makuku.pl\/shop\/index.php?rest_route=\/wp\/v2\/users\/1"}],"replies":[{"embeddable":true,"href":"https:\/\/www.makuku.pl\/shop\/index.php?rest_route=%2Fwp%2Fv2%2Fcomments&post=786"}],"version-history":[{"count":2,"href":"https:\/\/www.makuku.pl\/shop\/index.php?rest_route=\/wp\/v2\/pages\/786\/revisions"}],"predecessor-version":[{"id":4487,"href":"https:\/\/www.makuku.pl\/shop\/index.php?rest_route=\/wp\/v2\/pages\/786\/revisions\/4487"}],"wp:attachment":[{"href":"https:\/\/www.makuku.pl\/shop\/index.php?rest_route=%2Fwp%2Fv2%2Fmedia&parent=786"}],"curies":[{"name":"wp","href":"https:\/\/api.w.org\/{rel}","templated":true}]}}