{"id":783,"date":"2023-01-09T16:59:56","date_gmt":"2023-01-09T15:59:56","guid":{"rendered":"https:\/\/www.makuku.pl\/shop\/?page_id=783"},"modified":"2023-03-12T18:20:22","modified_gmt":"2023-03-12T17:20:22","slug":"faq","status":"publish","type":"page","link":"https:\/\/www.makuku.pl\/shop\/?page_id=783","title":{"rendered":"FAQ"},"content":{"rendered":"<section  class='av_textblock_section av-lct96uhr-db354e99c004b472df6423900a43db2d '   itemscope=\"itemscope\" itemtype=\"https:\/\/schema.org\/CreativeWork\" ><div class='avia_textblock'  itemprop=\"text\" ><h1>FAQ &#8211; Najcz\u0119\u015bciej zadawane pytania <br class=\"avia-permanent-lb\" \/><br class=\"avia-permanent-lb\" \/><\/h1>\n<blockquote>\n<p>1. Czy mog\u0119 wymieni\u0107 towar uszyty na indywidualne zam\u00f3wienie?<\/p>\n<\/blockquote>\n<p><strong>Odp:<\/strong> Nie, zgodnie z naszym regulaminem sklepu, nie ma mo\u017cliwo\u015bci wymiany i zwrotu towar\u00f3w uszytych na indywidualne zam\u00f3wienie.<\/p>\n<blockquote>\n<p>2. Czy mog\u0119 zwr\u00f3ci\u0107 \/ wymieni\u0107 produkt bez etykiety?<\/p>\n<\/blockquote>\n<p><strong>Odp:<\/strong> Nie ma mo\u017cliwo\u015bci zwrotu \/ wymiany towar\u00f3w z odczepionymi etykietami nawet je\u015bli nie by\u0142y u\u017cywane. Zwrotowi \/ wymianie podlegaj\u0105 wy\u0142\u0105cznie produkty z oryginalnie przyczepionymi etykietami, bez \u015blad\u00f3w u\u017cytkowania.<\/p>\n<blockquote>\n<p>3. Czy przy zakupie kilku produkt\u00f3w za wysy\u0142k\u0119 p\u0142ac\u0119 raz?<\/p>\n<\/blockquote>\n<p><strong>Odp:<\/strong> Tak, koszt wysy\u0142ki dotyczy jednego zam\u00f3wienia. Je\u015bli w jednym zam\u00f3wieniu znajduje si\u0119 kilka produkt\u00f3w, za wysy\u0142k\u0119 Klient p\u0142aci raz.<br \/>\nPokrywamy koszty wysy\u0142ki kurierem dla zam\u00f3wie\u0144 powy\u017cej 299 z\u0142.<\/p>\n<blockquote>\n<p>4. Jak mog\u0119 \u015bledzi\u0107 moj\u0105 przesy\u0142k\u0119 kuriersk\u0105?<\/p>\n<\/blockquote>\n<p><strong>Odp:<\/strong> Po nadaniu przesy\u0142ki z zam\u00f3wionym towarem kurierowi DPD, wysy\u0142amy Pa\u0144stwu email z numerem listu przewozowego, kt\u00f3ry mo\u017cecie \u015bledzi\u0107 tutaj:<br \/>\n<a href=\"https:\/\/tracktrace.dpd.com.pl\/findParcel\">https:\/\/tracktrace.dpd.com.pl\/findParcel<\/a><\/p>\n<blockquote>\n<p>5. Dlaczego nie dostaj\u0119 wiadomo\u015bci email ze sklepu Makuku zwi\u0105zanych z moim zam\u00f3wieniem?<\/p>\n<\/blockquote>\n<p><strong>Odp:<\/strong> Po z\u0142o\u017ceniu zam\u00f3wienia, automatycznie wysy\u0142amy na podany email wiadomo\u015bci zwi\u0105zane z jego procesowaniem np: &#8222;nowe zam\u00f3wienie&#8221; lub &#8222;zrealizowane zam\u00f3wienie&#8221;. Wiadomo\u015bci te wysy\u0142ane s\u0105 z adresu shop@makuku.pl.<br \/>\nJe\u015bli z jaki\u015b przyczyn nie widzicie wiadomo\u015bci ze sklepu Makuku w Waszej skrzynce mo\u017cliwe, \u017ce:<\/p>\n<ul>\n<li>podany przez Was email zawiera liter\u00f3wk\u0119<\/li>\n<li>wiadomo\u015b\u0107 trafi\u0142a do folderu SPAM lub Oferty<\/li>\n<\/ul>\n<blockquote>\n<p>6. Jak aktywowa\u0107 darmow\u0105 dostaw\u0119?<\/p>\n<\/blockquote>\n<p><strong>Odp: <\/strong>Zgodnie z polityk\u0105 naszej firmy pokrywamy koszty wysy\u0142ki kurierem dla zam\u00f3wie\u0144 powy\u017cej <strong>299 z\u0142<\/strong>. W trakcie sk\u0142adania zam\u00f3wienia powy\u017cej tej kwoty prosz\u0119 zaznaczy\u0107 opcj\u0119 &#8222;<strong>darmowa dostawa<\/strong>&#8222;.<\/p>\n<\/div><\/section>\n\n<style type=\"text\/css\" data-created_by=\"avia_inline_auto\" id=\"style-css-av-lf2zelmc-4a4ec27b2b7f6042c7b007c45b19e427\">\n.avia-image-container.av-lf2zelmc-4a4ec27b2b7f6042c7b007c45b19e427 img.avia_image{\nbox-shadow:none;\n}\n.avia-image-container.av-lf2zelmc-4a4ec27b2b7f6042c7b007c45b19e427 .av-image-caption-overlay-center{\ncolor:#ffffff;\n}\n<\/style>\n<div  class='avia-image-container av-lf2zelmc-4a4ec27b2b7f6042c7b007c45b19e427 av-styling- avia-align-center  avia-builder-el-1  el_after_av_textblock  avia-builder-el-last '   itemprop=\"image\" itemscope=\"itemscope\" itemtype=\"https:\/\/schema.org\/ImageObject\" ><div class=\"avia-image-container-inner\"><div class=\"avia-image-overlay-wrap\"><img decoding=\"async\" fetchpriority=\"high\" class='wp-image-5589 avia-img-lazy-loading-not-5589 avia_image ' src=\"https:\/\/www.makuku.pl\/shop\/wp-content\/uploads\/2023\/03\/darmowa-dostawa.jpg\" alt='' title='darmowa-dostawa'  height=\"376\" width=\"596\"  itemprop=\"thumbnailUrl\" srcset=\"https:\/\/www.makuku.pl\/shop\/wp-content\/uploads\/2023\/03\/darmowa-dostawa.jpg 596w, https:\/\/www.makuku.pl\/shop\/wp-content\/uploads\/2023\/03\/darmowa-dostawa-300x189.jpg 300w, https:\/\/www.makuku.pl\/shop\/wp-content\/uploads\/2023\/03\/darmowa-dostawa-450x284.jpg 450w\" sizes=\"(max-width: 596px) 100vw, 596px\" \/><\/div><\/div><\/div>\n","protected":false},"excerpt":{"rendered":"","protected":false},"author":1,"featured_media":0,"parent":0,"menu_order":0,"comment_status":"closed","ping_status":"closed","template":"","meta":{"footnotes":""},"class_list":["post-783","page","type-page","status-publish","hentry"],"_links":{"self":[{"href":"https:\/\/www.makuku.pl\/shop\/index.php?rest_route=\/wp\/v2\/pages\/783","targetHints":{"allow":["GET"]}}],"collection":[{"href":"https:\/\/www.makuku.pl\/shop\/index.php?rest_route=\/wp\/v2\/pages"}],"about":[{"href":"https:\/\/www.makuku.pl\/shop\/index.php?rest_route=\/wp\/v2\/types\/page"}],"author":[{"embeddable":true,"href":"https:\/\/www.makuku.pl\/shop\/index.php?rest_route=\/wp\/v2\/users\/1"}],"replies":[{"embeddable":true,"href":"https:\/\/www.makuku.pl\/shop\/index.php?rest_route=%2Fwp%2Fv2%2Fcomments&post=783"}],"version-history":[{"count":7,"href":"https:\/\/www.makuku.pl\/shop\/index.php?rest_route=\/wp\/v2\/pages\/783\/revisions"}],"predecessor-version":[{"id":5629,"href":"https:\/\/www.makuku.pl\/shop\/index.php?rest_route=\/wp\/v2\/pages\/783\/revisions\/5629"}],"wp:attachment":[{"href":"https:\/\/www.makuku.pl\/shop\/index.php?rest_route=%2Fwp%2Fv2%2Fmedia&parent=783"}],"curies":[{"name":"wp","href":"https:\/\/api.w.org\/{rel}","templated":true}]}}