{"id":778,"date":"2023-01-09T16:52:40","date_gmt":"2023-01-09T15:52:40","guid":{"rendered":"https:\/\/www.makuku.pl\/shop\/?page_id=778"},"modified":"2023-01-14T22:42:54","modified_gmt":"2023-01-14T21:42:54","slug":"o-nas","status":"publish","type":"page","link":"https:\/\/www.makuku.pl\/shop\/?page_id=778","title":{"rendered":"O nas"},"content":{"rendered":"<section  class='av_textblock_section av-lct6qjt2-19613c7eccb73192721df8b5212eb5f0 '   itemscope=\"itemscope\" itemtype=\"https:\/\/schema.org\/CreativeWork\" ><div class='avia_textblock'  itemprop=\"text\" ><h1>O nas<\/h1>\n<p><br class=\"avia-permanent-lb\" \/>Makuku powsta\u0142o z my\u015bl\u0105 o aktywnych kobietach ceni\u0105cych sobie swobod\u0119, gust i subtelno\u015b\u0107.<\/p>\n<p>Nasze stroje tworzymy z pasj\u0105 i mi\u0142o\u015bci\u0105 u\u017cywaj\u0105c g\u0142\u00f3wnie wyselekcjonowanych tkanin, aby sprosta\u0107 oczekiwaniom nawet najbardziej wymagaj\u0105cej Klientki.<\/p>\n<p>Zapraszamy Ciebie do do\u0142\u0105czenia do szerokiego ju\u017c grona zadowolonych Klientek <span style=\"color: #ff99cc;\">\u2665<\/span><\/p>\n<\/div><\/section>\n\n<style type=\"text\/css\" data-created_by=\"avia_inline_auto\" id=\"style-css-av-lct6oybm-628ca3751c2766331fa88dbbf412d877\">\n.avia-image-container.av-lct6oybm-628ca3751c2766331fa88dbbf412d877 img.avia_image{\nbox-shadow:none;\n}\n.avia-image-container.av-lct6oybm-628ca3751c2766331fa88dbbf412d877 .av-image-caption-overlay-center{\ncolor:#ffffff;\n}\n<\/style>\n<div  class='avia-image-container av-lct6oybm-628ca3751c2766331fa88dbbf412d877 av-styling- avia-align-center  avia-builder-el-1  el_after_av_textblock  avia-builder-el-last '   itemprop=\"image\" itemscope=\"itemscope\" itemtype=\"https:\/\/schema.org\/ImageObject\" ><div class=\"avia-image-container-inner\"><div class=\"avia-image-overlay-wrap\"><img decoding=\"async\" fetchpriority=\"high\" class='wp-image-4053 avia-img-lazy-loading-not-4053 avia_image ' src=\"https:\/\/www.makuku.pl\/shop\/wp-content\/uploads\/2023\/01\/dres-krotki-spring-blue-2-225x300.jpg\" alt='' title='dres-krotki-spring-blue-2'  height=\"300\" width=\"225\"  itemprop=\"thumbnailUrl\" srcset=\"https:\/\/www.makuku.pl\/shop\/wp-content\/uploads\/2023\/01\/dres-krotki-spring-blue-2-225x300.jpg 225w, https:\/\/www.makuku.pl\/shop\/wp-content\/uploads\/2023\/01\/dres-krotki-spring-blue-2-529x705.jpg 529w, https:\/\/www.makuku.pl\/shop\/wp-content\/uploads\/2023\/01\/dres-krotki-spring-blue-2-450x600.jpg 450w, https:\/\/www.makuku.pl\/shop\/wp-content\/uploads\/2023\/01\/dres-krotki-spring-blue-2.jpg 600w\" sizes=\"(max-width: 225px) 100vw, 225px\" \/><\/div><\/div><\/div>\n","protected":false},"excerpt":{"rendered":"","protected":false},"author":1,"featured_media":0,"parent":0,"menu_order":0,"comment_status":"closed","ping_status":"closed","template":"","meta":{"footnotes":""},"class_list":["post-778","page","type-page","status-publish","hentry"],"_links":{"self":[{"href":"https:\/\/www.makuku.pl\/shop\/index.php?rest_route=\/wp\/v2\/pages\/778","targetHints":{"allow":["GET"]}}],"collection":[{"href":"https:\/\/www.makuku.pl\/shop\/index.php?rest_route=\/wp\/v2\/pages"}],"about":[{"href":"https:\/\/www.makuku.pl\/shop\/index.php?rest_route=\/wp\/v2\/types\/page"}],"author":[{"embeddable":true,"href":"https:\/\/www.makuku.pl\/shop\/index.php?rest_route=\/wp\/v2\/users\/1"}],"replies":[{"embeddable":true,"href":"https:\/\/www.makuku.pl\/shop\/index.php?rest_route=%2Fwp%2Fv2%2Fcomments&post=778"}],"version-history":[{"count":5,"href":"https:\/\/www.makuku.pl\/shop\/index.php?rest_route=\/wp\/v2\/pages\/778\/revisions"}],"predecessor-version":[{"id":4490,"href":"https:\/\/www.makuku.pl\/shop\/index.php?rest_route=\/wp\/v2\/pages\/778\/revisions\/4490"}],"wp:attachment":[{"href":"https:\/\/www.makuku.pl\/shop\/index.php?rest_route=%2Fwp%2Fv2%2Fmedia&parent=778"}],"curies":[{"name":"wp","href":"https:\/\/api.w.org\/{rel}","templated":true}]}}