{"id":732,"date":"2023-01-09T15:08:44","date_gmt":"2023-01-09T14:08:44","guid":{"rendered":"https:\/\/www.makuku.pl\/shop\/?page_id=732"},"modified":"2023-01-13T12:25:53","modified_gmt":"2023-01-13T11:25:53","slug":"polityka-prywatnosci","status":"publish","type":"page","link":"https:\/\/www.makuku.pl\/shop\/?page_id=732","title":{"rendered":"Polityka prywatno\u015bci"},"content":{"rendered":"<h1>Polityka prywatno\u015bci<\/h1>\n<h3><\/h3>\n<h3><br class=\"avia-permanent-lb\" \/>Kim jeste\u015bmy<\/h3>\n<!-- \/wp:post-content --><!-- wp:paragraph -->\n\nAdres naszej strony internetowej to: <strong>www.makuku.pl<\/strong>\n\n<!-- \/wp:paragraph --><!-- wp:heading -->\n<h3><br class=\"avia-permanent-lb\" \/><br class=\"avia-permanent-lb\" \/>Komentarze<\/h3>\n<!-- \/wp:heading --><!-- wp:paragraph -->\n\nKiedy odwiedzaj\u0105cy witryn\u0119 zostawia komentarz, zbieramy dane widoczne w formularzu komentowania, jak i adres IP odwiedzaj\u0105cego oraz podpis jego przegl\u0105darki jako pomoc przy wykrywaniu spamu.\n\n<!-- \/wp:paragraph --><!-- wp:paragraph -->\n\nAnonimizowany ci\u0105g znak\u00f3w utworzony z twojego adresu e-mail (zwany te\u017c hashem) mo\u017ce zosta\u0107 przes\u0142any do us\u0142ugi Gravatar w celu sprawdzenia czy jest u\u017cywany. Polityka prywatno\u015bci us\u0142ugi Gravatar jest dost\u0119pna pod adresem: https:\/\/automattic.com\/privacy\/. Po zatwierdzeniu komentarza tw\u00f3j obrazek profilowy jest widoczny publicznie w kontek\u015bcie twojego komentarza.\n\n<!-- \/wp:paragraph --><!-- wp:heading \/--><!-- wp:heading -->\n<h3><br class=\"avia-permanent-lb\" \/><br class=\"avia-permanent-lb\" \/>Ciasteczka<\/h3>\n<!-- \/wp:heading --><!-- wp:paragraph -->\n\nJe\u015bli skomentujesz co\u015b w witrynie, b\u0119dzie mo\u017cna wybra\u0107 opcj\u0119 zapisu nazwy, adresu e-mail i witryny internetowej w ciasteczkach, dzi\u0119ki kt\u00f3rym podczas pisania kolejnych komentarzy powy\u017csze informacje b\u0119d\u0105 ju\u017c dogodnie uzupe\u0142nione. Ciasteczka wygasaj\u0105 po roku.\n\n<!-- \/wp:paragraph --><!-- wp:paragraph -->\n\nJe\u015bli odwiedzisz stron\u0119 logowania, utworzymy tymczasowe ciasteczko na potrzeby sprawdzenia czy twoja przegl\u0105darka akceptuje ciasteczka. Nie zawiera ono \u017cadnych danych osobistych i zostanie usuni\u0119te, kiedy przegl\u0105darka zostanie zamkni\u0119ta.\n\n<!-- \/wp:paragraph --><!-- wp:paragraph -->\n\nPodczas logowania tworzymy dodatkowo kilka ciasteczek potrzebnych do zapisu twoich informacji logowania oraz wybranych opcji ekranu. Ciasteczka logowania wygasaj\u0105 po dw\u00f3ch dniach, a opcji ekranu po roku. Je\u015bli zaznaczysz opcj\u0119 \u201ePami\u0119taj mnie\u201d, logowanie wyga\u015bnie po dw\u00f3ch tygodniach. Je\u015bli wylogujesz si\u0119 ze swojego konta, ciasteczka logowania zostan\u0105 usuni\u0119te.\n\n<!-- \/wp:paragraph --><!-- wp:paragraph -->\n\nJe\u015bli zmodyfikujesz albo opublikujesz artyku\u0142, w twojej przegl\u0105darce zostanie zapisane dodatkowe ciasteczko. To ciasteczko nie zawiera \u017cadnych danych osobistych, wskazuj\u0105c po prostu na identyfikator przed chwil\u0105 edytowanego artyku\u0142u. Wygasa ono po 1 dniu.\n\n<!-- \/wp:paragraph --><!-- wp:heading -->\n<h3><br class=\"avia-permanent-lb\" \/><br class=\"avia-permanent-lb\" \/>Osadzone tre\u015bci z innych witryn<\/h3>\n<!-- \/wp:heading --><!-- wp:paragraph -->\n\nArtyku\u0142y na tej witrynie mog\u0105 zawiera\u0107 osadzone tre\u015bci (np. filmy, obrazki, artyku\u0142y itp.). Osadzone tre\u015bci z innych witryn zachowuj\u0105 si\u0119 analogicznie do tego, jakby u\u017cytkownik odwiedzi\u0142 bezpo\u015brednio konkretn\u0105 witryn\u0119.\n\n<!-- \/wp:paragraph --><!-- wp:paragraph -->\n\nWitryny mog\u0105 zbiera\u0107 informacje o tobie, u\u017cywa\u0107 ciasteczek, do\u0142\u0105cza\u0107 dodatkowe, zewn\u0119trzne systemy \u015bledzenia i monitorowa\u0107 twoje interakcje z osadzonym materia\u0142em, w\u0142\u0105czaj\u0105c w to \u015bledzenie twoich interakcji z osadzonym materia\u0142em je\u015bli posiadasz konto i jeste\u015b zalogowany w tamtej witrynie.\n\n<!-- \/wp:paragraph --><!-- wp:heading -->\n<h3><br class=\"avia-permanent-lb\" \/><br class=\"avia-permanent-lb\" \/>Z kim dzielimy si\u0119 danymi<\/h3>\n<!-- \/wp:heading --><!-- wp:paragraph -->\n\nJe\u015bli za\u017c\u0105dasz zresetowania has\u0142a, tw\u00f3j adres IP zostanie do\u0142\u0105czony do wysy\u0142anej wiadomo\u015bci.\n\n<!-- \/wp:paragraph --><!-- wp:heading -->\n<h3><br class=\"avia-permanent-lb\" \/><br class=\"avia-permanent-lb\" \/>Jak d\u0142ugo przechowujemy twoje dane<\/h3>\n<!-- \/wp:heading --><!-- wp:paragraph -->\n\nJe\u015bli zostawisz komentarz, jego tre\u015b\u0107 i metadane b\u0119d\u0105 przechowywane przez czas nieokre\u015blony. Dzi\u0119ki temu jeste\u015bmy w stanie rozpoznawa\u0107 i zatwierdza\u0107 kolejne komentarze automatycznie, bez wysy\u0142ania ich do ka\u017cdorazowej moderacji.\n\n<!-- \/wp:paragraph --><!-- wp:paragraph -->\n\nDla u\u017cytkownik\u00f3w kt\u00f3rzy zarejestrowali si\u0119 na naszej stronie internetowej (je\u015bli tacy s\u0105), przechowujemy r\u00f3wnie\u017c informacje osobiste wprowadzone w profilu. Ka\u017cdy u\u017cytkownik mo\u017ce dokona\u0107 wgl\u0105du, korekty albo skasowa\u0107 swoje informacje osobiste w dowolnej chwili (nie licz\u0105c nazwy u\u017cytkownika, kt\u00f3rej nie mo\u017cna zmieni\u0107). Administratorzy strony r\u00f3wnie\u017c mog\u0105 przegl\u0105da\u0107 i modyfikowa\u0107 te informacje.\n\n<!-- \/wp:paragraph --><!-- wp:heading -->\n<h3><br class=\"avia-permanent-lb\" \/><br class=\"avia-permanent-lb\" \/>Jakie masz prawa do swoich danych<\/h3>\n<!-- \/wp:heading --><!-- wp:paragraph -->\n\nJe\u015bli masz konto u\u017cytkownika albo doda\u0142e\u015b komentarze w tej witrynie, mo\u017cesz za\u017c\u0105da\u0107 dostarczenia pliku z wyeksportowanym kompletem twoich danych osobistych b\u0119d\u0105cych w naszym posiadaniu, w tym ca\u0142o\u015b\u0107 tych dostarczonych przez ciebie. Mo\u017cesz r\u00f3wnie\u017c za\u017c\u0105da\u0107 usuni\u0119cia przez nas ca\u0142o\u015bci twoich danych osobistych w naszym posiadaniu. Nie dotyczy to \u017cadnych danych kt\u00f3re jeste\u015bmy zobligowani zachowa\u0107 ze wzgl\u0119d\u00f3w administracyjnych, prawnych albo bezpiecze\u0144stwa.\n\n<!-- \/wp:paragraph --><!-- wp:heading -->\n<h3><br class=\"avia-permanent-lb\" \/><br class=\"avia-permanent-lb\" \/>Jakie informacje zbieramy i przechowujemy<\/h3>\nZbieramy informacje o tobie podczas sk\u0142adania zam\u00f3wienia w naszym sklepie. Podczas przegl\u0105dania naszej witryny, b\u0119dziemy zbiera\u0107 nast\u0119puj\u0105ce informacje:\n<ul>\n \t<li>Przegl\u0105dane produkty: u\u017cyjemy tych informacji, aby na przyk\u0142ad pokaza\u0107 ci ostatnio ogl\u0105dane produkty<\/li>\n \t<li>Lokalizacja, adres IP i przegl\u0105darka: u\u017cyjemy tych danych do oszacowania podatk\u00f3w i koszt\u00f3w wysy\u0142ki<\/li>\n \t<li>Adres wysy\u0142ki: poprosimy ci\u0119 o wpisanie adresu, aby\u015bmy mogli na przyk\u0142ad oszacowa\u0107 koszty wysy\u0142ki przed z\u0142o\u017ceniem zam\u00f3wienia i wys\u0142a\u0107 zam\u00f3wienie!<\/li>\n<\/ul>\nB\u0119dziemy r\u00f3wnie\u017c u\u017cywa\u0107 plik\u00f3w cookie do \u015bledzenia zawarto\u015bci koszyka podczas przegl\u0105dania naszej witryny.\n\nGdy kupujesz w naszym sklepie, poprosimy ci\u0119 o podanie informacji zawieraj\u0105cych imi\u0119 i nazwisko, adresy p\u0142atno\u015bci i wysy\u0142ki, e-mail, telefon, dane p\u0142atno\u015bci lub karty i opcjonalne dane konta: nazwa u\u017cytkownika i has\u0142o. B\u0119dziemy wykorzystywa\u0107 te informacje w poni\u017cszych celach:\n<ul>\n \t<li>Przesy\u0142anie informacji o twoim koncie i zam\u00f3wieniach<\/li>\n \t<li>Odpowiadanie na twoje zg\u0142oszenia, w tym zwroty i reklamacje<\/li>\n \t<li>Procesowanie p\u0142atno\u015bci i zapobieganie oszustwom<\/li>\n \t<li>Za\u0142o\u017cenie konta w naszym sklepie<\/li>\n \t<li>Spe\u0142nienie zobowi\u0105za\u0144 prawnych, np. obliczania podatk\u00f3w<\/li>\n \t<li>Ulepszanie oferty sklepu<\/li>\n \t<li>Wysy\u0142anie informacji marketingowych, je\u015bli zgodzisz si\u0119 na ich otrzymywanie<\/li>\n<\/ul>\nJe\u015bli utworzysz konto, zachowamy twoje imi\u0119 i nazwisko, adres, e-mail oraz numer telefonu, kt\u00f3re b\u0119d\u0105 wykorzystane przy sk\u0142adaniu nast\u0119pnych zam\u00f3wie\u0144.\n\nOg\u00f3lnie informacje s\u0105 przechowywane tak d\u0142ugo, jak potrzebujemy informacji dla cel\u00f3w, dla kt\u00f3rych je gromadzimy i wykorzystujemy, i nie jeste\u015bmy prawnie zobowi\u0105zani do dalszego przechowywania. Na przyk\u0142ad przechowujemy informacje o zam\u00f3wieniach przez X lat dla cel\u00f3w podatkowych i ksi\u0119gowych. Obejmuje to imi\u0119 i nazwisko, adres e-mail oraz adresy.\n\nB\u0119dziemy r\u00f3wnie\u017c przechowywa\u0107 komentarze i opinie, je\u015bli zdecydujesz si\u0119 je napisa\u0107.\n<h3><br class=\"avia-permanent-lb\" \/><br class=\"avia-permanent-lb\" \/>Kto w naszym zespole ma dost\u0119p<\/h3>\nCz\u0142onkowie naszego zespo\u0142u maj\u0105 dost\u0119p do informacji, kt\u00f3re nam podajesz. Np. administratorzy i obs\u0142uga sklepu maj\u0105 dost\u0119p do:\n<ul>\n \t<li>Szczeg\u00f3\u0142y zam\u00f3wie\u0144, takie jak kupione pozycje, data zam\u00f3wienia, adres wysy\u0142ki i<\/li>\n \t<li>Informacje o klientach, takie jak imi\u0119 i nazwisko, adres e-mail i informacje dotycz\u0105ce fakturowania i wysy\u0142ki.<\/li>\n<\/ul>\nNasz zesp\u00f3\u0142 ma dost\u0119p do tych informacji, aby obs\u0142ugiwa\u0107 zam\u00f3wienia, zwroty oraz oferowa\u0107 wsparcie.\n<h3><br class=\"avia-permanent-lb\" \/><br class=\"avia-permanent-lb\" \/>Co dzielimy z innymi<\/h3>\nUdost\u0119pniamy informacje z podmiotami trzecimi, kt\u00f3re pomagaj\u0105 nam procesowa\u0107 zam\u00f3wienia i dostarczaj\u0105 us\u0142ugi, np. Przelewy24.\n<h3><br class=\"avia-permanent-lb\" \/><br class=\"avia-permanent-lb\" \/>P\u0142atno\u015bci<\/h3>\nAkceptujemy p\u0142atno\u015bci przez Przelewy24 oraz PayPal. Podczas przetwarzania p\u0142atno\u015bci niekt\u00f3re z twoich danych zostan\u0105 przekazane firmie Przelewy24 oraz PayPal, w tym informacje wymagane do przetworzenia lub obs\u0142ugi p\u0142atno\u015bci, takie jak warto\u015b\u0107 zam\u00f3wienia i informacje rozliczeniowe.\n\n<br class=\"avia-permanent-lb\" \/><br class=\"avia-permanent-lb\" \/>Zobacz <a href=\"https:\/\/www.przelewy24.pl\/obowiazek-informacyjny-rodo-platnicy\">polityk\u0119 prywatno\u015bci Przelewy24<\/a>, aby uzyska\u0107 wi\u0119cej szczeg\u00f3\u0142\u00f3w.\n\n<br class=\"avia-permanent-lb\" \/><br class=\"avia-permanent-lb\" \/>W razie jakichkolwiek pyta\u0144 dotycz\u0105cych Polityki Prywatno\u015bci &#8211; skontaktuj si\u0119 z naszym zespo\u0142em: <strong>admin@makuku.pl<\/strong>\n\n<!-- wp:paragraph -->\n\n<!-- \/wp:paragraph -->","protected":false},"excerpt":{"rendered":"<p>Polityka prywatno\u015bci Kim jeste\u015bmy Adres naszej strony internetowej to: www.makuku.pl Komentarze Kiedy odwiedzaj\u0105cy witryn\u0119 zostawia komentarz, zbieramy dane widoczne w formularzu komentowania, jak i adres IP odwiedzaj\u0105cego oraz podpis jego przegl\u0105darki jako pomoc przy wykrywaniu spamu. Anonimizowany ci\u0105g znak\u00f3w utworzony z twojego adresu e-mail (zwany te\u017c hashem) mo\u017ce zosta\u0107 przes\u0142any do us\u0142ugi Gravatar w celu [&hellip;]<\/p>\n","protected":false},"author":1,"featured_media":0,"parent":0,"menu_order":0,"comment_status":"closed","ping_status":"closed","template":"","meta":{"footnotes":""},"class_list":["post-732","page","type-page","status-publish","hentry"],"_links":{"self":[{"href":"https:\/\/www.makuku.pl\/shop\/index.php?rest_route=\/wp\/v2\/pages\/732","targetHints":{"allow":["GET"]}}],"collection":[{"href":"https:\/\/www.makuku.pl\/shop\/index.php?rest_route=\/wp\/v2\/pages"}],"about":[{"href":"https:\/\/www.makuku.pl\/shop\/index.php?rest_route=\/wp\/v2\/types\/page"}],"author":[{"embeddable":true,"href":"https:\/\/www.makuku.pl\/shop\/index.php?rest_route=\/wp\/v2\/users\/1"}],"replies":[{"embeddable":true,"href":"https:\/\/www.makuku.pl\/shop\/index.php?rest_route=%2Fwp%2Fv2%2Fcomments&post=732"}],"version-history":[{"count":12,"href":"https:\/\/www.makuku.pl\/shop\/index.php?rest_route=\/wp\/v2\/pages\/732\/revisions"}],"predecessor-version":[{"id":4208,"href":"https:\/\/www.makuku.pl\/shop\/index.php?rest_route=\/wp\/v2\/pages\/732\/revisions\/4208"}],"wp:attachment":[{"href":"https:\/\/www.makuku.pl\/shop\/index.php?rest_route=%2Fwp%2Fv2%2Fmedia&parent=732"}],"curies":[{"name":"wp","href":"https:\/\/api.w.org\/{rel}","templated":true}]}}