{"id":6128,"date":"2023-06-06T23:00:13","date_gmt":"2023-06-06T22:00:13","guid":{"rendered":"https:\/\/www.makuku.pl\/shop\/?page_id=6128"},"modified":"2023-06-06T23:43:00","modified_gmt":"2023-06-06T22:43:00","slug":"6128-2","status":"publish","type":"page","link":"https:\/\/www.makuku.pl\/shop\/?page_id=6128","title":{"rendered":"Komplety"},"content":{"rendered":"<section  class='av_textblock_section av-liktq7ni-e641917dcb2a059e10a226d67e5d3b24 '   itemscope=\"itemscope\" itemtype=\"https:\/\/schema.org\/CreativeWork\" ><div class='avia_textblock'  itemprop=\"text\" ><h2>Garnitury<\/h2>\n<p>Przedstawiamy garnitury dost\u0119pne w kolekcji Makuku.<\/p>\n<\/div><\/section>\n<div  class='avia-product-slider-container av-likuyeok-d825415c48e9f68153ef824a7f0484b3 template-shop avia-content-slider avia-content-grid-active shop_columns_3  avia-builder-el-1  el_after_av_textblock  avia-builder-el-last  avia-content-slider-odd  avia-builder-el-1  el_after_av_textblock  avia-builder-el-last  av-slideshow-ui av-slider-hover-pause av-slideshow-manual av-loop-once av-loop-manual-endless avia-product-slider1' data-slideshow-options=\"{&quot;animation&quot;:&quot;fade&quot;,&quot;autoplay&quot;:false,&quot;loop_autoplay&quot;:&quot;once&quot;,&quot;interval&quot;:5,&quot;loop_manual&quot;:&quot;manual-endless&quot;,&quot;autoplay_stopper&quot;:false,&quot;noNavigation&quot;:false,&quot;bg_slider&quot;:false,&quot;keep_padding&quot;:false,&quot;hoverpause&quot;:true,&quot;show_slide_delay&quot;:0}\"><div class=\"product-sorting avia-product-sorting\"><ul class=\"sort-param sort-param-order\"><li><span class='currently-selected'>Wy\u015bwietlaj <strong>Domy\u015blny<\/strong><\/span><ul><li class=\"current-param\"><a class='avia-product-sorting-link' data-href='?rest_route=%2Fwp%2Fv2%2Fpages%2F6128&avia_extended_shop_select=yes&product_order=default' rel=\"nofollow\"><span class='avia-bullet'><\/span>Domy\u015blny<\/a><\/li><li><a class='avia-product-sorting-link' data-href='?rest_route=%2Fwp%2Fv2%2Fpages%2F6128&product_sort=asc&avia_extended_shop_select=yes&product_order=menu_order' rel=\"nofollow\"><span class='avia-bullet'><\/span>Niestandardowy<\/a><\/li><li><a class='avia-product-sorting-link' data-href='?rest_route=%2Fwp%2Fv2%2Fpages%2F6128&product_sort=asc&avia_extended_shop_select=yes&product_order=title' rel=\"nofollow\"><span class='avia-bullet'><\/span>Nazwa<\/a><\/li><li><a class='avia-product-sorting-link' data-href='?rest_route=%2Fwp%2Fv2%2Fpages%2F6128&product_sort=asc&avia_extended_shop_select=yes&product_order=price' rel=\"nofollow\"><span class='avia-bullet'><\/span>cena<\/a><\/li><li><a class='avia-product-sorting-link' data-href='?rest_route=%2Fwp%2Fv2%2Fpages%2F6128&product_sort=asc&avia_extended_shop_select=yes&product_order=date' rel=\"nofollow\"><span class='avia-bullet'><\/span>Data<\/a><\/li><li><a class='avia-product-sorting-link' data-href='?rest_route=%2Fwp%2Fv2%2Fpages%2F6128&avia_extended_shop_select=yes&product_order=popularity' rel=\"nofollow\"><span class='avia-bullet'><\/span>Popularno\u015b\u0107 (sprzeda\u017c)<\/a><\/li><li><a class='avia-product-sorting-link' data-href='?rest_route=%2Fwp%2Fv2%2Fpages%2F6128&avia_extended_shop_select=yes&product_order=rating' rel=\"nofollow\"><span class='avia-bullet'><\/span>\u015arednia ocena<\/a><\/li><li><a class='avia-product-sorting-link' data-href='?rest_route=%2Fwp%2Fv2%2Fpages%2F6128&product_sort=asc&avia_extended_shop_select=yes&product_order=relevance' rel=\"nofollow\"><span class='avia-bullet'><\/span>Trafno\u015b\u0107<\/a><\/li><li><a class='avia-product-sorting-link' data-href='?rest_route=%2Fwp%2Fv2%2Fpages%2F6128&avia_extended_shop_select=yes&product_order=rand' rel=\"nofollow\"><span class='avia-bullet'><\/span>Losowo<\/a><\/li><li><a class='avia-product-sorting-link' data-href='?rest_route=%2Fwp%2Fv2%2Fpages%2F6128&product_sort=asc&avia_extended_shop_select=yes&product_order=id' rel=\"nofollow\"><span class='avia-bullet'><\/span>ID produktu<\/a><\/li><\/ul><\/li><\/ul><ul class='sort-param sort-param-count'><li><span class='currently-selected'>Wy\u015bwietlaj <strong>9 ofert na stronie <\/strong><\/span><ul><li class=\"current-param\"><a class='avia-product-sorting-link' data-href='?paged=1&rest_route=%2Fwp%2Fv2%2Fpages%2F6128&avia_extended_shop_select=yes&product_order=default&product_count=9' rel=\"nofollow\">\t\t<span class='avia-bullet'><\/span>9 ofert na stronie<\/a><\/li><li><a class='avia-product-sorting-link' data-href='?paged=1&rest_route=%2Fwp%2Fv2%2Fpages%2F6128&avia_extended_shop_select=yes&product_order=default&product_count=18' rel=\"nofollow\">\t<span class='avia-bullet'><\/span>18 ofert na stronie<\/a><\/li><li><a class='avia-product-sorting-link' data-href='?paged=1&rest_route=%2Fwp%2Fv2%2Fpages%2F6128&avia_extended_shop_select=yes&product_order=default&product_count=27' rel=\"nofollow\">\t<span class='avia-bullet'><\/span>27 ofert na stronie<\/a><\/li><\/ul><\/li><\/ul><\/div><div class='avia-content-slider-inner'><ul class=\"products\"><li class=\"product type-product post-6271 status-publish first outofstock product_cat-garnitury product_cat-komplety-garnitury product_tag-garnitur product_tag-lumino has-post-thumbnail shipping-taxable purchasable product-type-variable has-default-attributes\">\n\t<div class='inner_product main_color wrapped_style noLightbox  av-product-class-minimal'><a href=\"https:\/\/www.makuku.pl\/shop\/?product=garnitur-lumino-black\" class=\"woocommerce-LoopProduct-link woocommerce-loop-product__link\"><div class=\"thumbnail_container\"><img loading=\"lazy\" decoding=\"async\" width=\"300\" height=\"300\" src=\"https:\/\/www.makuku.pl\/shop\/wp-content\/uploads\/2023\/05\/garn-czarny-2-300x300.jpg\" class=\"attachment-woocommerce_thumbnail avia-product-hover\" alt=\"\" srcset=\"https:\/\/www.makuku.pl\/shop\/wp-content\/uploads\/2023\/05\/garn-czarny-2-300x300.jpg 300w, https:\/\/www.makuku.pl\/shop\/wp-content\/uploads\/2023\/05\/garn-czarny-2-1030x1030.jpg 1030w, https:\/\/www.makuku.pl\/shop\/wp-content\/uploads\/2023\/05\/garn-czarny-2-80x80.jpg 80w, https:\/\/www.makuku.pl\/shop\/wp-content\/uploads\/2023\/05\/garn-czarny-2-768x768.jpg 768w, https:\/\/www.makuku.pl\/shop\/wp-content\/uploads\/2023\/05\/garn-czarny-2-1536x1536.jpg 1536w, https:\/\/www.makuku.pl\/shop\/wp-content\/uploads\/2023\/05\/garn-czarny-2-2048x2048.jpg 2048w, https:\/\/www.makuku.pl\/shop\/wp-content\/uploads\/2023\/05\/garn-czarny-2-36x36.jpg 36w, https:\/\/www.makuku.pl\/shop\/wp-content\/uploads\/2023\/05\/garn-czarny-2-180x180.jpg 180w, https:\/\/www.makuku.pl\/shop\/wp-content\/uploads\/2023\/05\/garn-czarny-2-1500x1500.jpg 1500w, https:\/\/www.makuku.pl\/shop\/wp-content\/uploads\/2023\/05\/garn-czarny-2-705x705.jpg 705w, https:\/\/www.makuku.pl\/shop\/wp-content\/uploads\/2023\/05\/garn-czarny-2-120x120.jpg 120w, https:\/\/www.makuku.pl\/shop\/wp-content\/uploads\/2023\/05\/garn-czarny-2-450x450.jpg 450w, https:\/\/www.makuku.pl\/shop\/wp-content\/uploads\/2023\/05\/garn-czarny-2-600x600.jpg 600w, https:\/\/www.makuku.pl\/shop\/wp-content\/uploads\/2023\/05\/garn-czarny-2-100x100.jpg 100w\" sizes=\"auto, (max-width: 300px) 100vw, 300px\" \/><img decoding=\"async\" loading=\"lazy\" width=\"300\" height=\"300\" src=\"https:\/\/www.makuku.pl\/shop\/wp-content\/uploads\/2023\/05\/garn-czarny-1-300x300.jpg\" class=\"wp-image-6171 avia-img-lazy-loading-6171 attachment-woocommerce_thumbnail size-woocommerce_thumbnail wp-post-image\" alt=\"\" srcset=\"https:\/\/www.makuku.pl\/shop\/wp-content\/uploads\/2023\/05\/garn-czarny-1-300x300.jpg 300w, https:\/\/www.makuku.pl\/shop\/wp-content\/uploads\/2023\/05\/garn-czarny-1-1030x1030.jpg 1030w, https:\/\/www.makuku.pl\/shop\/wp-content\/uploads\/2023\/05\/garn-czarny-1-80x80.jpg 80w, https:\/\/www.makuku.pl\/shop\/wp-content\/uploads\/2023\/05\/garn-czarny-1-768x768.jpg 768w, https:\/\/www.makuku.pl\/shop\/wp-content\/uploads\/2023\/05\/garn-czarny-1-1536x1536.jpg 1536w, https:\/\/www.makuku.pl\/shop\/wp-content\/uploads\/2023\/05\/garn-czarny-1-2048x2048.jpg 2048w, https:\/\/www.makuku.pl\/shop\/wp-content\/uploads\/2023\/05\/garn-czarny-1-36x36.jpg 36w, https:\/\/www.makuku.pl\/shop\/wp-content\/uploads\/2023\/05\/garn-czarny-1-180x180.jpg 180w, https:\/\/www.makuku.pl\/shop\/wp-content\/uploads\/2023\/05\/garn-czarny-1-1500x1500.jpg 1500w, https:\/\/www.makuku.pl\/shop\/wp-content\/uploads\/2023\/05\/garn-czarny-1-705x705.jpg 705w, https:\/\/www.makuku.pl\/shop\/wp-content\/uploads\/2023\/05\/garn-czarny-1-120x120.jpg 120w, https:\/\/www.makuku.pl\/shop\/wp-content\/uploads\/2023\/05\/garn-czarny-1-450x450.jpg 450w, https:\/\/www.makuku.pl\/shop\/wp-content\/uploads\/2023\/05\/garn-czarny-1-600x600.jpg 600w, https:\/\/www.makuku.pl\/shop\/wp-content\/uploads\/2023\/05\/garn-czarny-1-100x100.jpg 100w\" sizes=\"auto, (max-width: 300px) 100vw, 300px\" \/><\/div><div class='inner_product_header'><div class='avia-arrow'><\/div><div class='inner_product_header_table'><div class='inner_product_header_cell'><h2 class=\"woocommerce-loop-product__title\">Garnitur Lumino Black<\/h2>\n\t<span class=\"price\"><span class=\"woocommerce-Price-amount amount\"><bdi>599,00&nbsp;<span class=\"woocommerce-Price-currencySymbol\">&#122;&#322;<\/span><\/bdi><\/span><\/span>\n<\/div><\/div><\/div><\/a><div class=\"tinv-wraper woocommerce tinv-wishlist tinvwl-after-add-to-cart tinvwl-loop-button-wrapper tinvwl-woocommerce_after_shop_loop_item\"\r\n\t data-tinvwl_product_id=\"6271\">\r\n\t\t\t\t\t<input name=\"attribute_pa_rozmiar\" type=\"hidden\" value=\"small\"\/>\r\n\t\t\t\t\t\t\t\t<input name=\"attribute_pa_kolor\" type=\"hidden\" value=\"czarny\"\/>\r\n\t\t\t\t<div class=\"tinv-wishlist-clear\"><\/div><a role=\"button\" tabindex=\"0\" name=\"dodaj-do-ulubionych\" aria-label=\"Dodaj do Ulubionych\" class=\"tinvwl_add_to_wishlist_button tinvwl-icon-heart tinvwl-product-already-on-wishlist  tinvwl-position-after tinvwl-loop\" data-tinv-wl-list=\"[]\" data-tinv-wl-product=\"6271\" data-tinv-wl-productvariation=\"6272\" data-tinv-wl-productvariations=\"[8120,6272,6273,6274,6275,0]\" data-tinv-wl-producttype=\"variable\" data-tinv-wl-action=\"add\"><span class=\"tinvwl_add_to_wishlist-text\">Dodaj do Ulubionych<\/span><span class=\"tinvwl_already_on_wishlist-text\">Ju\u017c znajduje si\u0119 w Ulubionych<\/span><\/a><div class=\"tinv-wishlist-clear\"><\/div>\t\t<div\r\n\t\tclass=\"tinvwl-tooltip\">Dodaj do Ulubionych<\/div>\r\n<\/div>\r\n<\/div><\/li>\n<li class=\"product type-product post-6279 status-publish instock product_cat-garnitury product_cat-komplety-garnitury product_cat-sale product_tag-garnitur product_tag-lumino has-post-thumbnail sale shipping-taxable purchasable product-type-variable has-default-attributes\">\n\t<div class='inner_product main_color wrapped_style noLightbox product_on_sale av-product-class-minimal'><a href=\"https:\/\/www.makuku.pl\/shop\/?product=garnitur-lumino-gray\" class=\"woocommerce-LoopProduct-link woocommerce-loop-product__link\"><div class=\"thumbnail_container\"><img loading=\"lazy\" decoding=\"async\" width=\"300\" height=\"300\" src=\"https:\/\/www.makuku.pl\/shop\/wp-content\/uploads\/2023\/05\/garnitur-krata-2-300x300.jpg\" class=\"attachment-woocommerce_thumbnail avia-product-hover\" alt=\"\" srcset=\"https:\/\/www.makuku.pl\/shop\/wp-content\/uploads\/2023\/05\/garnitur-krata-2-300x300.jpg 300w, https:\/\/www.makuku.pl\/shop\/wp-content\/uploads\/2023\/05\/garnitur-krata-2-1030x1030.jpg 1030w, https:\/\/www.makuku.pl\/shop\/wp-content\/uploads\/2023\/05\/garnitur-krata-2-80x80.jpg 80w, https:\/\/www.makuku.pl\/shop\/wp-content\/uploads\/2023\/05\/garnitur-krata-2-768x768.jpg 768w, https:\/\/www.makuku.pl\/shop\/wp-content\/uploads\/2023\/05\/garnitur-krata-2-1536x1536.jpg 1536w, https:\/\/www.makuku.pl\/shop\/wp-content\/uploads\/2023\/05\/garnitur-krata-2-2048x2048.jpg 2048w, https:\/\/www.makuku.pl\/shop\/wp-content\/uploads\/2023\/05\/garnitur-krata-2-36x36.jpg 36w, https:\/\/www.makuku.pl\/shop\/wp-content\/uploads\/2023\/05\/garnitur-krata-2-180x180.jpg 180w, https:\/\/www.makuku.pl\/shop\/wp-content\/uploads\/2023\/05\/garnitur-krata-2-1500x1500.jpg 1500w, https:\/\/www.makuku.pl\/shop\/wp-content\/uploads\/2023\/05\/garnitur-krata-2-705x705.jpg 705w, https:\/\/www.makuku.pl\/shop\/wp-content\/uploads\/2023\/05\/garnitur-krata-2-120x120.jpg 120w, https:\/\/www.makuku.pl\/shop\/wp-content\/uploads\/2023\/05\/garnitur-krata-2-450x450.jpg 450w, https:\/\/www.makuku.pl\/shop\/wp-content\/uploads\/2023\/05\/garnitur-krata-2-600x600.jpg 600w, https:\/\/www.makuku.pl\/shop\/wp-content\/uploads\/2023\/05\/garnitur-krata-2-100x100.jpg 100w\" sizes=\"auto, (max-width: 300px) 100vw, 300px\" \/><img decoding=\"async\" loading=\"lazy\" width=\"300\" height=\"300\" src=\"https:\/\/www.makuku.pl\/shop\/wp-content\/uploads\/2023\/05\/garn-krata-1-300x300.jpg\" class=\"wp-image-6173 avia-img-lazy-loading-6173 attachment-woocommerce_thumbnail size-woocommerce_thumbnail wp-post-image\" alt=\"\" srcset=\"https:\/\/www.makuku.pl\/shop\/wp-content\/uploads\/2023\/05\/garn-krata-1-300x300.jpg 300w, https:\/\/www.makuku.pl\/shop\/wp-content\/uploads\/2023\/05\/garn-krata-1-1030x1030.jpg 1030w, https:\/\/www.makuku.pl\/shop\/wp-content\/uploads\/2023\/05\/garn-krata-1-80x80.jpg 80w, https:\/\/www.makuku.pl\/shop\/wp-content\/uploads\/2023\/05\/garn-krata-1-768x768.jpg 768w, https:\/\/www.makuku.pl\/shop\/wp-content\/uploads\/2023\/05\/garn-krata-1-1536x1536.jpg 1536w, https:\/\/www.makuku.pl\/shop\/wp-content\/uploads\/2023\/05\/garn-krata-1-2048x2048.jpg 2048w, https:\/\/www.makuku.pl\/shop\/wp-content\/uploads\/2023\/05\/garn-krata-1-36x36.jpg 36w, https:\/\/www.makuku.pl\/shop\/wp-content\/uploads\/2023\/05\/garn-krata-1-180x180.jpg 180w, https:\/\/www.makuku.pl\/shop\/wp-content\/uploads\/2023\/05\/garn-krata-1-1500x1500.jpg 1500w, https:\/\/www.makuku.pl\/shop\/wp-content\/uploads\/2023\/05\/garn-krata-1-705x705.jpg 705w, https:\/\/www.makuku.pl\/shop\/wp-content\/uploads\/2023\/05\/garn-krata-1-120x120.jpg 120w, https:\/\/www.makuku.pl\/shop\/wp-content\/uploads\/2023\/05\/garn-krata-1-450x450.jpg 450w, https:\/\/www.makuku.pl\/shop\/wp-content\/uploads\/2023\/05\/garn-krata-1-600x600.jpg 600w, https:\/\/www.makuku.pl\/shop\/wp-content\/uploads\/2023\/05\/garn-krata-1-100x100.jpg 100w\" sizes=\"auto, (max-width: 300px) 100vw, 300px\" \/><\/div><div class='inner_product_header'><div class='avia-arrow'><\/div><div class='inner_product_header_table'><div class='inner_product_header_cell'><h2 class=\"woocommerce-loop-product__title\">Garnitur Lumino Check<\/h2>\n\t<span class=\"price\"><del aria-hidden=\"true\"><span class=\"woocommerce-Price-amount amount\"><bdi>548,00&nbsp;<span class=\"woocommerce-Price-currencySymbol\">&#122;&#322;<\/span><\/bdi><\/span><\/del> <span class=\"screen-reader-text\">Pierwotna cena wynosi\u0142a: 548,00&nbsp;&#122;&#322;.<\/span><ins aria-hidden=\"true\"><span class=\"woocommerce-Price-amount amount\"><bdi>499,00&nbsp;<span class=\"woocommerce-Price-currencySymbol\">&#122;&#322;<\/span><\/bdi><\/span><\/ins><span class=\"screen-reader-text\">Aktualna cena wynosi: 499,00&nbsp;&#122;&#322;.<\/span><\/span>\n\n\t<span class=\"onsale\">Promocja!<\/span>\n\t<\/div><\/div><\/div><\/a><div class=\"tinv-wraper woocommerce tinv-wishlist tinvwl-after-add-to-cart tinvwl-loop-button-wrapper tinvwl-woocommerce_after_shop_loop_item\"\r\n\t data-tinvwl_product_id=\"6279\">\r\n\t\t\t\t\t<input name=\"attribute_pa_rozmiar\" type=\"hidden\" value=\"small\"\/>\r\n\t\t\t\t\t\t\t\t<input name=\"attribute_pa_kolor\" type=\"hidden\" value=\"wielokolorowy\"\/>\r\n\t\t\t\t<div class=\"tinv-wishlist-clear\"><\/div><a role=\"button\" tabindex=\"0\" name=\"dodaj-do-ulubionych\" aria-label=\"Dodaj do Ulubionych\" class=\"tinvwl_add_to_wishlist_button tinvwl-icon-heart tinvwl-product-already-on-wishlist  tinvwl-position-after tinvwl-loop\" data-tinv-wl-list=\"[]\" data-tinv-wl-product=\"6279\" data-tinv-wl-productvariation=\"6281\" data-tinv-wl-productvariations=\"[6281,0]\" data-tinv-wl-producttype=\"variable\" data-tinv-wl-action=\"add\"><span class=\"tinvwl_add_to_wishlist-text\">Dodaj do Ulubionych<\/span><span class=\"tinvwl_already_on_wishlist-text\">Ju\u017c znajduje si\u0119 w Ulubionych<\/span><\/a><div class=\"tinv-wishlist-clear\"><\/div>\t\t<div\r\n\t\tclass=\"tinvwl-tooltip\">Dodaj do Ulubionych<\/div>\r\n<\/div>\r\n<\/div><\/li>\n<li class=\"product type-product post-6285 status-publish last outofstock product_cat-garnitury product_cat-komplety-garnitury product_tag-garnitur product_tag-lumino has-post-thumbnail shipping-taxable purchasable product-type-variable has-default-attributes\">\n\t<div class='inner_product main_color wrapped_style noLightbox  av-product-class-minimal'><a href=\"https:\/\/www.makuku.pl\/shop\/?product=garnitur-lumino-gray-2\" class=\"woocommerce-LoopProduct-link woocommerce-loop-product__link\"><div class=\"thumbnail_container\"><img loading=\"lazy\" decoding=\"async\" width=\"300\" height=\"300\" src=\"https:\/\/www.makuku.pl\/shop\/wp-content\/uploads\/2023\/05\/garn-szary-2-300x300.jpg\" class=\"attachment-woocommerce_thumbnail avia-product-hover\" alt=\"\" srcset=\"https:\/\/www.makuku.pl\/shop\/wp-content\/uploads\/2023\/05\/garn-szary-2-300x300.jpg 300w, https:\/\/www.makuku.pl\/shop\/wp-content\/uploads\/2023\/05\/garn-szary-2-1030x1030.jpg 1030w, https:\/\/www.makuku.pl\/shop\/wp-content\/uploads\/2023\/05\/garn-szary-2-80x80.jpg 80w, https:\/\/www.makuku.pl\/shop\/wp-content\/uploads\/2023\/05\/garn-szary-2-768x768.jpg 768w, https:\/\/www.makuku.pl\/shop\/wp-content\/uploads\/2023\/05\/garn-szary-2-1536x1536.jpg 1536w, https:\/\/www.makuku.pl\/shop\/wp-content\/uploads\/2023\/05\/garn-szary-2-2048x2048.jpg 2048w, https:\/\/www.makuku.pl\/shop\/wp-content\/uploads\/2023\/05\/garn-szary-2-36x36.jpg 36w, https:\/\/www.makuku.pl\/shop\/wp-content\/uploads\/2023\/05\/garn-szary-2-180x180.jpg 180w, https:\/\/www.makuku.pl\/shop\/wp-content\/uploads\/2023\/05\/garn-szary-2-1500x1500.jpg 1500w, https:\/\/www.makuku.pl\/shop\/wp-content\/uploads\/2023\/05\/garn-szary-2-705x705.jpg 705w, https:\/\/www.makuku.pl\/shop\/wp-content\/uploads\/2023\/05\/garn-szary-2-120x120.jpg 120w, https:\/\/www.makuku.pl\/shop\/wp-content\/uploads\/2023\/05\/garn-szary-2-450x450.jpg 450w, https:\/\/www.makuku.pl\/shop\/wp-content\/uploads\/2023\/05\/garn-szary-2-600x600.jpg 600w, https:\/\/www.makuku.pl\/shop\/wp-content\/uploads\/2023\/05\/garn-szary-2-100x100.jpg 100w\" sizes=\"auto, (max-width: 300px) 100vw, 300px\" \/><img decoding=\"async\" loading=\"lazy\" width=\"300\" height=\"300\" src=\"https:\/\/www.makuku.pl\/shop\/wp-content\/uploads\/2023\/05\/garn-szary-1-300x300.jpg\" class=\"wp-image-6175 avia-img-lazy-loading-6175 attachment-woocommerce_thumbnail size-woocommerce_thumbnail wp-post-image\" alt=\"\" srcset=\"https:\/\/www.makuku.pl\/shop\/wp-content\/uploads\/2023\/05\/garn-szary-1-300x300.jpg 300w, https:\/\/www.makuku.pl\/shop\/wp-content\/uploads\/2023\/05\/garn-szary-1-1030x1030.jpg 1030w, https:\/\/www.makuku.pl\/shop\/wp-content\/uploads\/2023\/05\/garn-szary-1-80x80.jpg 80w, https:\/\/www.makuku.pl\/shop\/wp-content\/uploads\/2023\/05\/garn-szary-1-768x768.jpg 768w, https:\/\/www.makuku.pl\/shop\/wp-content\/uploads\/2023\/05\/garn-szary-1-1536x1536.jpg 1536w, https:\/\/www.makuku.pl\/shop\/wp-content\/uploads\/2023\/05\/garn-szary-1-2048x2048.jpg 2048w, https:\/\/www.makuku.pl\/shop\/wp-content\/uploads\/2023\/05\/garn-szary-1-36x36.jpg 36w, https:\/\/www.makuku.pl\/shop\/wp-content\/uploads\/2023\/05\/garn-szary-1-180x180.jpg 180w, https:\/\/www.makuku.pl\/shop\/wp-content\/uploads\/2023\/05\/garn-szary-1-1500x1500.jpg 1500w, https:\/\/www.makuku.pl\/shop\/wp-content\/uploads\/2023\/05\/garn-szary-1-705x705.jpg 705w, https:\/\/www.makuku.pl\/shop\/wp-content\/uploads\/2023\/05\/garn-szary-1-120x120.jpg 120w, https:\/\/www.makuku.pl\/shop\/wp-content\/uploads\/2023\/05\/garn-szary-1-450x450.jpg 450w, https:\/\/www.makuku.pl\/shop\/wp-content\/uploads\/2023\/05\/garn-szary-1-600x600.jpg 600w, https:\/\/www.makuku.pl\/shop\/wp-content\/uploads\/2023\/05\/garn-szary-1-100x100.jpg 100w\" sizes=\"auto, (max-width: 300px) 100vw, 300px\" \/><\/div><div class='inner_product_header'><div class='avia-arrow'><\/div><div class='inner_product_header_table'><div class='inner_product_header_cell'><h2 class=\"woocommerce-loop-product__title\">Garnitur Lumino Gray &#8211; wyprzedane<\/h2>\n\t<span class=\"price\"><span class=\"woocommerce-Price-amount amount\"><bdi>599,00&nbsp;<span class=\"woocommerce-Price-currencySymbol\">&#122;&#322;<\/span><\/bdi><\/span><\/span>\n<\/div><\/div><\/div><\/a><div class=\"tinv-wraper woocommerce tinv-wishlist tinvwl-after-add-to-cart tinvwl-loop-button-wrapper tinvwl-woocommerce_after_shop_loop_item\"\r\n\t data-tinvwl_product_id=\"6285\">\r\n\t\t\t\t\t<input name=\"attribute_pa_rozmiar\" type=\"hidden\" value=\"small\"\/>\r\n\t\t\t\t\t\t\t\t<input name=\"attribute_pa_kolor\" type=\"hidden\" value=\"szary\"\/>\r\n\t\t\t\t<div class=\"tinv-wishlist-clear\"><\/div><a role=\"button\" tabindex=\"0\" name=\"dodaj-do-ulubionych\" aria-label=\"Dodaj do Ulubionych\" class=\"tinvwl_add_to_wishlist_button tinvwl-icon-heart tinvwl-product-already-on-wishlist  tinvwl-position-after tinvwl-loop\" data-tinv-wl-list=\"[]\" data-tinv-wl-product=\"6285\" data-tinv-wl-productvariation=\"6287\" data-tinv-wl-productvariations=\"[6287,0]\" data-tinv-wl-producttype=\"variable\" data-tinv-wl-action=\"add\"><span class=\"tinvwl_add_to_wishlist-text\">Dodaj do Ulubionych<\/span><span class=\"tinvwl_already_on_wishlist-text\">Ju\u017c znajduje si\u0119 w Ulubionych<\/span><\/a><div class=\"tinv-wishlist-clear\"><\/div>\t\t<div\r\n\t\tclass=\"tinvwl-tooltip\">Dodaj do Ulubionych<\/div>\r\n<\/div>\r\n<\/div><\/li>\n<\/ul><\/div><\/div><div class=\"clear\"><\/div>\n","protected":false},"excerpt":{"rendered":"","protected":false},"author":1,"featured_media":0,"parent":6125,"menu_order":0,"comment_status":"closed","ping_status":"closed","template":"","meta":{"footnotes":""},"class_list":["post-6128","page","type-page","status-publish","hentry"],"_links":{"self":[{"href":"https:\/\/www.makuku.pl\/shop\/index.php?rest_route=\/wp\/v2\/pages\/6128","targetHints":{"allow":["GET"]}}],"collection":[{"href":"https:\/\/www.makuku.pl\/shop\/index.php?rest_route=\/wp\/v2\/pages"}],"about":[{"href":"https:\/\/www.makuku.pl\/shop\/index.php?rest_route=\/wp\/v2\/types\/page"}],"author":[{"embeddable":true,"href":"https:\/\/www.makuku.pl\/shop\/index.php?rest_route=\/wp\/v2\/users\/1"}],"replies":[{"embeddable":true,"href":"https:\/\/www.makuku.pl\/shop\/index.php?rest_route=%2Fwp%2Fv2%2Fcomments&post=6128"}],"version-history":[{"count":4,"href":"https:\/\/www.makuku.pl\/shop\/index.php?rest_route=\/wp\/v2\/pages\/6128\/revisions"}],"predecessor-version":[{"id":6143,"href":"https:\/\/www.makuku.pl\/shop\/index.php?rest_route=\/wp\/v2\/pages\/6128\/revisions\/6143"}],"up":[{"embeddable":true,"href":"https:\/\/www.makuku.pl\/shop\/index.php?rest_route=\/wp\/v2\/pages\/6125"}],"wp:attachment":[{"href":"https:\/\/www.makuku.pl\/shop\/index.php?rest_route=%2Fwp%2Fv2%2Fmedia&parent=6128"}],"curies":[{"name":"wp","href":"https:\/\/api.w.org\/{rel}","templated":true}]}}