{"id":4458,"date":"2023-01-14T10:17:07","date_gmt":"2023-01-14T09:17:07","guid":{"rendered":"https:\/\/www.makuku.pl\/shop\/?page_id=4458"},"modified":"2023-01-14T23:58:43","modified_gmt":"2023-01-14T22:58:43","slug":"rekomendacje-klientek","status":"publish","type":"page","link":"https:\/\/www.makuku.pl\/shop\/?page_id=4458","title":{"rendered":"Rekomendacje Klientek"},"content":{"rendered":"<section  class='av_textblock_section av-lcvqor7m-5b19641483e47f1053ec52e1669a8f2d '   itemscope=\"itemscope\" itemtype=\"https:\/\/schema.org\/CreativeWork\" ><div class='avia_textblock'  itemprop=\"text\" ><h1>Rekomendacje Klientek<\/h1>\n<p><br class=\"avia-permanent-lb\" \/>Poni\u017cej przedstawiamy tylko fragment Waszych opinii i rekomendacji na temat tego jak dzia\u0142amy, jak szyjemy i w jaki spos\u00f3b dostarczamy Wam warto\u015b\u0107 w postaci zadowolenia, szcz\u0119\u015bcia i szerokiego u\u015bmiechu na buzi \ud83d\ude42<\/p>\n<p>Za wszystkie opinie jeste\u015bmy Wam bardzo wdzi\u0119czni \ud83d\ude42 i dzi\u0119kujemy, \u017ce jeste\u015bcie z mark\u0105 Makuku <span style=\"color: #ff99cc;\">\u2665<\/span><\/p>\n<\/div><\/section>\n\n<style type=\"text\/css\" data-created_by=\"avia_inline_auto\" id=\"style-css-av-lcvqi6iw-09c0d3cf4ca7313e38382e28e9e8a532\">\n#top .avia-gallery.av-lcvqi6iw-09c0d3cf4ca7313e38382e28e9e8a532 .avia-gallery-thumb a{\nwidth:20%;\n}\n<\/style>\n<div  class='avia-gallery av-lcvqi6iw-09c0d3cf4ca7313e38382e28e9e8a532 avia_animate_when_visible  avia-builder-el-1  el_after_av_textblock  avia-builder-el-last  avia_lazyload avia-gallery-animate avia-gallery-1'  itemprop=\"image\" itemscope=\"itemscope\" itemtype=\"https:\/\/schema.org\/ImageObject\" ><meta itemprop=\"contentURL\" content=\"https:\/\/www.makuku.pl\/shop\/?page_id=4458\"><div class='avia-gallery-thumb'><a href=\"https:\/\/www.makuku.pl\/shop\/wp-content\/uploads\/2023\/01\/rekomendacja1.jpg\" data-srcset=\"https:\/\/www.makuku.pl\/shop\/wp-content\/uploads\/2023\/01\/rekomendacja1.jpg 450w, https:\/\/www.makuku.pl\/shop\/wp-content\/uploads\/2023\/01\/rekomendacja1-300x148.jpg 300w\" data-sizes=\"(max-width: 450px) 100vw, 450px\" data-rel='gallery-1' data-prev-img='https:\/\/www.makuku.pl\/shop\/wp-content\/uploads\/2023\/01\/rekomendacja1.jpg' class='first_thumb lightbox ' data-onclick='1' title='rekomendacja1'  itemprop=\"thumbnailUrl\"  ><img decoding=\"async\" fetchpriority=\"high\" class=\"wp-image-4464 avia-img-lazy-loading-not-4464\"   src=\"https:\/\/www.makuku.pl\/shop\/wp-content\/uploads\/2023\/01\/rekomendacja1.jpg\" width=\"450\" height=\"222\"  title='rekomendacja1' alt='' srcset=\"https:\/\/www.makuku.pl\/shop\/wp-content\/uploads\/2023\/01\/rekomendacja1.jpg 450w, https:\/\/www.makuku.pl\/shop\/wp-content\/uploads\/2023\/01\/rekomendacja1-300x148.jpg 300w\" sizes=\"(max-width: 450px) 100vw, 450px\" \/><div class='big-prev-fake'><img decoding=\"async\" loading=\"lazy\" class=\"wp-image-4464 avia-img-lazy-loading-4464\"  width=\"450\" height=\"222\" src=\"https:\/\/www.makuku.pl\/shop\/wp-content\/uploads\/2023\/01\/rekomendacja1.jpg\" title='rekomendacja1' alt='' srcset=\"https:\/\/www.makuku.pl\/shop\/wp-content\/uploads\/2023\/01\/rekomendacja1.jpg 450w, https:\/\/www.makuku.pl\/shop\/wp-content\/uploads\/2023\/01\/rekomendacja1-300x148.jpg 300w\" sizes=\"auto, (max-width: 450px) 100vw, 450px\" \/><\/div><\/a><a href=\"https:\/\/www.makuku.pl\/shop\/wp-content\/uploads\/2023\/01\/rekomendacja2.jpg\" data-srcset=\"https:\/\/www.makuku.pl\/shop\/wp-content\/uploads\/2023\/01\/rekomendacja2.jpg 450w, https:\/\/www.makuku.pl\/shop\/wp-content\/uploads\/2023\/01\/rekomendacja2-300x147.jpg 300w\" data-sizes=\"(max-width: 450px) 100vw, 450px\" data-rel='gallery-1' data-prev-img='https:\/\/www.makuku.pl\/shop\/wp-content\/uploads\/2023\/01\/rekomendacja2.jpg' class='lightbox ' data-onclick='2' title='rekomendacja2'  itemprop=\"thumbnailUrl\"  ><img decoding=\"async\" fetchpriority=\"high\" class=\"wp-image-4465 avia-img-lazy-loading-not-4465\"   src=\"https:\/\/www.makuku.pl\/shop\/wp-content\/uploads\/2023\/01\/rekomendacja2.jpg\" width=\"450\" height=\"221\"  title='rekomendacja2' alt='' srcset=\"https:\/\/www.makuku.pl\/shop\/wp-content\/uploads\/2023\/01\/rekomendacja2.jpg 450w, https:\/\/www.makuku.pl\/shop\/wp-content\/uploads\/2023\/01\/rekomendacja2-300x147.jpg 300w\" sizes=\"(max-width: 450px) 100vw, 450px\" \/><div class='big-prev-fake'><img decoding=\"async\" loading=\"lazy\" class=\"wp-image-4465 avia-img-lazy-loading-4465\"  width=\"450\" height=\"221\" src=\"https:\/\/www.makuku.pl\/shop\/wp-content\/uploads\/2023\/01\/rekomendacja2.jpg\" title='rekomendacja2' alt='' srcset=\"https:\/\/www.makuku.pl\/shop\/wp-content\/uploads\/2023\/01\/rekomendacja2.jpg 450w, https:\/\/www.makuku.pl\/shop\/wp-content\/uploads\/2023\/01\/rekomendacja2-300x147.jpg 300w\" sizes=\"auto, (max-width: 450px) 100vw, 450px\" \/><\/div><\/a><a href=\"https:\/\/www.makuku.pl\/shop\/wp-content\/uploads\/2023\/01\/rekomendacja3.jpg\" data-srcset=\"https:\/\/www.makuku.pl\/shop\/wp-content\/uploads\/2023\/01\/rekomendacja3.jpg 450w, https:\/\/www.makuku.pl\/shop\/wp-content\/uploads\/2023\/01\/rekomendacja3-300x294.jpg 300w, https:\/\/www.makuku.pl\/shop\/wp-content\/uploads\/2023\/01\/rekomendacja3-36x36.jpg 36w\" data-sizes=\"(max-width: 450px) 100vw, 450px\" data-rel='gallery-1' data-prev-img='https:\/\/www.makuku.pl\/shop\/wp-content\/uploads\/2023\/01\/rekomendacja3-450x400.jpg' class='lightbox ' data-onclick='3' title='rekomendacja3'  itemprop=\"thumbnailUrl\"  ><img decoding=\"async\" fetchpriority=\"high\" class=\"wp-image-4466 avia-img-lazy-loading-not-4466\"   src=\"https:\/\/www.makuku.pl\/shop\/wp-content\/uploads\/2023\/01\/rekomendacja3-450x400.jpg\" width=\"450\" height=\"400\"  title='rekomendacja3' alt='' \/><div class='big-prev-fake'><img decoding=\"async\" loading=\"lazy\" class=\"wp-image-4466 avia-img-lazy-loading-4466\"  width=\"450\" height=\"400\" src=\"https:\/\/www.makuku.pl\/shop\/wp-content\/uploads\/2023\/01\/rekomendacja3-450x400.jpg\" title='rekomendacja3' alt='' \/><\/div><\/a><a href=\"https:\/\/www.makuku.pl\/shop\/wp-content\/uploads\/2023\/01\/rekomendacja4.jpg\" data-srcset=\"https:\/\/www.makuku.pl\/shop\/wp-content\/uploads\/2023\/01\/rekomendacja4.jpg 450w, https:\/\/www.makuku.pl\/shop\/wp-content\/uploads\/2023\/01\/rekomendacja4-300x178.jpg 300w\" data-sizes=\"(max-width: 450px) 100vw, 450px\" data-rel='gallery-1' data-prev-img='https:\/\/www.makuku.pl\/shop\/wp-content\/uploads\/2023\/01\/rekomendacja4.jpg' class='lightbox ' data-onclick='4' title='rekomendacja4'  itemprop=\"thumbnailUrl\"  ><img decoding=\"async\" fetchpriority=\"high\" class=\"wp-image-4467 avia-img-lazy-loading-not-4467\"   src=\"https:\/\/www.makuku.pl\/shop\/wp-content\/uploads\/2023\/01\/rekomendacja4.jpg\" width=\"450\" height=\"267\"  title='rekomendacja4' alt='' srcset=\"https:\/\/www.makuku.pl\/shop\/wp-content\/uploads\/2023\/01\/rekomendacja4.jpg 450w, https:\/\/www.makuku.pl\/shop\/wp-content\/uploads\/2023\/01\/rekomendacja4-300x178.jpg 300w\" sizes=\"(max-width: 450px) 100vw, 450px\" \/><div class='big-prev-fake'><img decoding=\"async\" loading=\"lazy\" class=\"wp-image-4467 avia-img-lazy-loading-4467\"  width=\"450\" height=\"267\" src=\"https:\/\/www.makuku.pl\/shop\/wp-content\/uploads\/2023\/01\/rekomendacja4.jpg\" title='rekomendacja4' alt='' srcset=\"https:\/\/www.makuku.pl\/shop\/wp-content\/uploads\/2023\/01\/rekomendacja4.jpg 450w, https:\/\/www.makuku.pl\/shop\/wp-content\/uploads\/2023\/01\/rekomendacja4-300x178.jpg 300w\" sizes=\"auto, (max-width: 450px) 100vw, 450px\" \/><\/div><\/a><a href=\"https:\/\/www.makuku.pl\/shop\/wp-content\/uploads\/2023\/01\/rekomendacja5.jpg\" data-srcset=\"https:\/\/www.makuku.pl\/shop\/wp-content\/uploads\/2023\/01\/rekomendacja5.jpg 450w, https:\/\/www.makuku.pl\/shop\/wp-content\/uploads\/2023\/01\/rekomendacja5-300x201.jpg 300w\" data-sizes=\"(max-width: 450px) 100vw, 450px\" data-rel='gallery-1' data-prev-img='https:\/\/www.makuku.pl\/shop\/wp-content\/uploads\/2023\/01\/rekomendacja5.jpg' class='lightbox ' data-onclick='5' title='rekomendacja5'  itemprop=\"thumbnailUrl\"  ><img decoding=\"async\" fetchpriority=\"high\" class=\"wp-image-4468 avia-img-lazy-loading-not-4468\"   src=\"https:\/\/www.makuku.pl\/shop\/wp-content\/uploads\/2023\/01\/rekomendacja5.jpg\" width=\"450\" height=\"302\"  title='rekomendacja5' alt='' srcset=\"https:\/\/www.makuku.pl\/shop\/wp-content\/uploads\/2023\/01\/rekomendacja5.jpg 450w, https:\/\/www.makuku.pl\/shop\/wp-content\/uploads\/2023\/01\/rekomendacja5-300x201.jpg 300w\" sizes=\"(max-width: 450px) 100vw, 450px\" \/><div class='big-prev-fake'><img decoding=\"async\" loading=\"lazy\" class=\"wp-image-4468 avia-img-lazy-loading-4468\"  width=\"450\" height=\"302\" src=\"https:\/\/www.makuku.pl\/shop\/wp-content\/uploads\/2023\/01\/rekomendacja5.jpg\" title='rekomendacja5' alt='' srcset=\"https:\/\/www.makuku.pl\/shop\/wp-content\/uploads\/2023\/01\/rekomendacja5.jpg 450w, https:\/\/www.makuku.pl\/shop\/wp-content\/uploads\/2023\/01\/rekomendacja5-300x201.jpg 300w\" sizes=\"auto, (max-width: 450px) 100vw, 450px\" \/><\/div><\/a><a href=\"https:\/\/www.makuku.pl\/shop\/wp-content\/uploads\/2023\/01\/rekomendacja6.jpg\" data-srcset=\"https:\/\/www.makuku.pl\/shop\/wp-content\/uploads\/2023\/01\/rekomendacja6.jpg 450w, https:\/\/www.makuku.pl\/shop\/wp-content\/uploads\/2023\/01\/rekomendacja6-300x195.jpg 300w\" data-sizes=\"(max-width: 450px) 100vw, 450px\" data-rel='gallery-1' data-prev-img='https:\/\/www.makuku.pl\/shop\/wp-content\/uploads\/2023\/01\/rekomendacja6.jpg' class='first_thumb lightbox ' data-onclick='6' title='rekomendacja6'  itemprop=\"thumbnailUrl\"  ><img decoding=\"async\" fetchpriority=\"high\" class=\"wp-image-4469 avia-img-lazy-loading-not-4469\"   src=\"https:\/\/www.makuku.pl\/shop\/wp-content\/uploads\/2023\/01\/rekomendacja6.jpg\" width=\"450\" height=\"292\"  title='rekomendacja6' alt='' srcset=\"https:\/\/www.makuku.pl\/shop\/wp-content\/uploads\/2023\/01\/rekomendacja6.jpg 450w, https:\/\/www.makuku.pl\/shop\/wp-content\/uploads\/2023\/01\/rekomendacja6-300x195.jpg 300w\" sizes=\"(max-width: 450px) 100vw, 450px\" \/><div class='big-prev-fake'><img decoding=\"async\" loading=\"lazy\" class=\"wp-image-4469 avia-img-lazy-loading-4469\"  width=\"450\" height=\"292\" src=\"https:\/\/www.makuku.pl\/shop\/wp-content\/uploads\/2023\/01\/rekomendacja6.jpg\" title='rekomendacja6' alt='' srcset=\"https:\/\/www.makuku.pl\/shop\/wp-content\/uploads\/2023\/01\/rekomendacja6.jpg 450w, https:\/\/www.makuku.pl\/shop\/wp-content\/uploads\/2023\/01\/rekomendacja6-300x195.jpg 300w\" sizes=\"auto, (max-width: 450px) 100vw, 450px\" \/><\/div><\/a><a href=\"https:\/\/www.makuku.pl\/shop\/wp-content\/uploads\/2023\/01\/rekomendacja7.jpg\" data-srcset=\"https:\/\/www.makuku.pl\/shop\/wp-content\/uploads\/2023\/01\/rekomendacja7.jpg 450w, https:\/\/www.makuku.pl\/shop\/wp-content\/uploads\/2023\/01\/rekomendacja7-300x139.jpg 300w\" data-sizes=\"(max-width: 450px) 100vw, 450px\" data-rel='gallery-1' data-prev-img='https:\/\/www.makuku.pl\/shop\/wp-content\/uploads\/2023\/01\/rekomendacja7.jpg' class='lightbox ' data-onclick='7' title='rekomendacja7'  itemprop=\"thumbnailUrl\"  ><img decoding=\"async\" fetchpriority=\"high\" class=\"wp-image-4470 avia-img-lazy-loading-not-4470\"   src=\"https:\/\/www.makuku.pl\/shop\/wp-content\/uploads\/2023\/01\/rekomendacja7.jpg\" width=\"450\" height=\"209\"  title='rekomendacja7' alt='' srcset=\"https:\/\/www.makuku.pl\/shop\/wp-content\/uploads\/2023\/01\/rekomendacja7.jpg 450w, https:\/\/www.makuku.pl\/shop\/wp-content\/uploads\/2023\/01\/rekomendacja7-300x139.jpg 300w\" sizes=\"(max-width: 450px) 100vw, 450px\" \/><div class='big-prev-fake'><img decoding=\"async\" loading=\"lazy\" class=\"wp-image-4470 avia-img-lazy-loading-4470\"  width=\"450\" height=\"209\" src=\"https:\/\/www.makuku.pl\/shop\/wp-content\/uploads\/2023\/01\/rekomendacja7.jpg\" title='rekomendacja7' alt='' srcset=\"https:\/\/www.makuku.pl\/shop\/wp-content\/uploads\/2023\/01\/rekomendacja7.jpg 450w, https:\/\/www.makuku.pl\/shop\/wp-content\/uploads\/2023\/01\/rekomendacja7-300x139.jpg 300w\" sizes=\"auto, (max-width: 450px) 100vw, 450px\" \/><\/div><\/a><a href=\"https:\/\/www.makuku.pl\/shop\/wp-content\/uploads\/2023\/01\/rekomendacja8.jpg\" data-srcset=\"https:\/\/www.makuku.pl\/shop\/wp-content\/uploads\/2023\/01\/rekomendacja8.jpg 450w, https:\/\/www.makuku.pl\/shop\/wp-content\/uploads\/2023\/01\/rekomendacja8-300x87.jpg 300w\" data-sizes=\"(max-width: 450px) 100vw, 450px\" data-rel='gallery-1' data-prev-img='https:\/\/www.makuku.pl\/shop\/wp-content\/uploads\/2023\/01\/rekomendacja8.jpg' class='lightbox ' data-onclick='8' title='rekomendacja8'  itemprop=\"thumbnailUrl\"  ><img decoding=\"async\" fetchpriority=\"high\" class=\"wp-image-4521 avia-img-lazy-loading-not-4521\"   src=\"https:\/\/www.makuku.pl\/shop\/wp-content\/uploads\/2023\/01\/rekomendacja8.jpg\" width=\"450\" height=\"131\"  title='rekomendacja8' alt='' srcset=\"https:\/\/www.makuku.pl\/shop\/wp-content\/uploads\/2023\/01\/rekomendacja8.jpg 450w, https:\/\/www.makuku.pl\/shop\/wp-content\/uploads\/2023\/01\/rekomendacja8-300x87.jpg 300w\" sizes=\"(max-width: 450px) 100vw, 450px\" \/><div class='big-prev-fake'><img decoding=\"async\" loading=\"lazy\" class=\"wp-image-4521 avia-img-lazy-loading-4521\"  width=\"450\" height=\"131\" src=\"https:\/\/www.makuku.pl\/shop\/wp-content\/uploads\/2023\/01\/rekomendacja8.jpg\" title='rekomendacja8' alt='' srcset=\"https:\/\/www.makuku.pl\/shop\/wp-content\/uploads\/2023\/01\/rekomendacja8.jpg 450w, https:\/\/www.makuku.pl\/shop\/wp-content\/uploads\/2023\/01\/rekomendacja8-300x87.jpg 300w\" sizes=\"auto, (max-width: 450px) 100vw, 450px\" \/><\/div><\/a><a href=\"https:\/\/www.makuku.pl\/shop\/wp-content\/uploads\/2023\/01\/rekomendacja9.jpg\" data-srcset=\"https:\/\/www.makuku.pl\/shop\/wp-content\/uploads\/2023\/01\/rekomendacja9.jpg 450w, https:\/\/www.makuku.pl\/shop\/wp-content\/uploads\/2023\/01\/rekomendacja9-300x79.jpg 300w\" data-sizes=\"(max-width: 450px) 100vw, 450px\" data-rel='gallery-1' data-prev-img='https:\/\/www.makuku.pl\/shop\/wp-content\/uploads\/2023\/01\/rekomendacja9.jpg' class='lightbox ' data-onclick='9' title='rekomendacja9'  itemprop=\"thumbnailUrl\"  ><img decoding=\"async\" fetchpriority=\"high\" class=\"wp-image-4522 avia-img-lazy-loading-not-4522\"   src=\"https:\/\/www.makuku.pl\/shop\/wp-content\/uploads\/2023\/01\/rekomendacja9.jpg\" width=\"450\" height=\"119\"  title='rekomendacja9' alt='' srcset=\"https:\/\/www.makuku.pl\/shop\/wp-content\/uploads\/2023\/01\/rekomendacja9.jpg 450w, https:\/\/www.makuku.pl\/shop\/wp-content\/uploads\/2023\/01\/rekomendacja9-300x79.jpg 300w\" sizes=\"(max-width: 450px) 100vw, 450px\" \/><div class='big-prev-fake'><img decoding=\"async\" loading=\"lazy\" class=\"wp-image-4522 avia-img-lazy-loading-4522\"  width=\"450\" height=\"119\" src=\"https:\/\/www.makuku.pl\/shop\/wp-content\/uploads\/2023\/01\/rekomendacja9.jpg\" title='rekomendacja9' alt='' srcset=\"https:\/\/www.makuku.pl\/shop\/wp-content\/uploads\/2023\/01\/rekomendacja9.jpg 450w, https:\/\/www.makuku.pl\/shop\/wp-content\/uploads\/2023\/01\/rekomendacja9-300x79.jpg 300w\" sizes=\"auto, (max-width: 450px) 100vw, 450px\" \/><\/div><\/a><\/div><\/div>\n","protected":false},"excerpt":{"rendered":"","protected":false},"author":1,"featured_media":0,"parent":0,"menu_order":0,"comment_status":"closed","ping_status":"closed","template":"","meta":{"footnotes":""},"class_list":["post-4458","page","type-page","status-publish","hentry"],"_links":{"self":[{"href":"https:\/\/www.makuku.pl\/shop\/index.php?rest_route=\/wp\/v2\/pages\/4458","targetHints":{"allow":["GET"]}}],"collection":[{"href":"https:\/\/www.makuku.pl\/shop\/index.php?rest_route=\/wp\/v2\/pages"}],"about":[{"href":"https:\/\/www.makuku.pl\/shop\/index.php?rest_route=\/wp\/v2\/types\/page"}],"author":[{"embeddable":true,"href":"https:\/\/www.makuku.pl\/shop\/index.php?rest_route=\/wp\/v2\/users\/1"}],"replies":[{"embeddable":true,"href":"https:\/\/www.makuku.pl\/shop\/index.php?rest_route=%2Fwp%2Fv2%2Fcomments&post=4458"}],"version-history":[{"count":6,"href":"https:\/\/www.makuku.pl\/shop\/index.php?rest_route=\/wp\/v2\/pages\/4458\/revisions"}],"predecessor-version":[{"id":4524,"href":"https:\/\/www.makuku.pl\/shop\/index.php?rest_route=\/wp\/v2\/pages\/4458\/revisions\/4524"}],"wp:attachment":[{"href":"https:\/\/www.makuku.pl\/shop\/index.php?rest_route=%2Fwp%2Fv2%2Fmedia&parent=4458"}],"curies":[{"name":"wp","href":"https:\/\/api.w.org\/{rel}","templated":true}]}}